{"id":219431,"date":"2021-06-28T11:45:28","date_gmt":"2021-06-28T09:45:28","guid":{"rendered":"https:\/\/megacase.com\/product\/inlay-4x-shure-blx-headset\/"},"modified":"2026-03-26T13:09:10","modified_gmt":"2026-03-26T12:09:10","slug":"inlay-4x-shure-blx-headset","status":"publish","type":"product","link":"https:\/\/megacase.com\/fr\/produit\/inlay-4x-shure-blx-headset\/","title":{"rendered":"Inlay 4x Shure BLX Headset"},"content":{"rendered":"<p>Espace pour 4 casques et accessoires Shure BLX.<br \/>\nNouvel insert en mousse tendance en mousse PE r\u00e9ticul\u00e9e chimiquement.<br \/>\nLa couche bicolore donne \u00e0 l&rsquo;incrustation une forte impression 3D.<br \/>\nLe positionnement des microphones, \u00e9metteurs et accessoires est imm\u00e9diatement apparent.<br \/>\nConvient pour les casiers et 2 tiroirs en U.<br \/>\nLa d\u00e9coupe pour la serrure est d\u00e9j\u00e0 frais\u00e9e.<br \/>\nFabriqu\u00e9 en Allemagne.<br \/>\nDimensions ext\u00e9rieures : LxPxH 400x370x60 mm<\/p>\n","protected":false},"excerpt":{"rendered":"<p>Espace pour 4 casques et accessoires Shure BLX. Nouvel insert en mousse tendance en mousse PE r\u00e9ticul\u00e9e chimiquement. La couche<\/p>\n","protected":false},"featured_media":219444,"template":"","meta":{"_acf_changed":false},"product_brand":[],"product_cat":[15753],"product_tag":[],"class_list":{"0":"post-219431","1":"product","2":"type-product","3":"status-publish","4":"has-post-thumbnail","6":"product_cat-microphone-case-utilisation","8":"first","9":"instock","10":"taxable","11":"shipping-taxable","12":"purchasable","13":"product-type-simple"},"acf":[],"_links":{"self":[{"href":"https:\/\/megacase.com\/fr\/wp-json\/wp\/v2\/product\/219431","targetHints":{"allow":["GET"]}}],"collection":[{"href":"https:\/\/megacase.com\/fr\/wp-json\/wp\/v2\/product"}],"about":[{"href":"https:\/\/megacase.com\/fr\/wp-json\/wp\/v2\/types\/product"}],"wp:featuredmedia":[{"embeddable":true,"href":"https:\/\/megacase.com\/fr\/wp-json\/wp\/v2\/media\/219444"}],"wp:attachment":[{"href":"https:\/\/megacase.com\/fr\/wp-json\/wp\/v2\/media?parent=219431"}],"wp:term":[{"taxonomy":"product_brand","embeddable":true,"href":"https:\/\/megacase.com\/fr\/wp-json\/wp\/v2\/product_brand?post=219431"},{"taxonomy":"product_cat","embeddable":true,"href":"https:\/\/megacase.com\/fr\/wp-json\/wp\/v2\/product_cat?post=219431"},{"taxonomy":"product_tag","embeddable":true,"href":"https:\/\/megacase.com\/fr\/wp-json\/wp\/v2\/product_tag?post=219431"}],"curies":[{"name":"wp","href":"https:\/\/api.w.org\/{rel}","templated":true}]}}