{"id":219282,"date":"2021-06-28T11:02:59","date_gmt":"2021-06-28T09:02:59","guid":{"rendered":"https:\/\/megacase.com\/product\/flightcase-korg-nautilus-61\/"},"modified":"2026-03-26T13:09:10","modified_gmt":"2026-03-26T12:09:10","slug":"flightcase-korg-nautilus-61","status":"publish","type":"product","link":"https:\/\/megacase.com\/fr\/produit\/flightcase-korg-nautilus-61\/","title":{"rendered":"Flightcase Korg Nautilus 61"},"content":{"rendered":"<p>Flightcase adapt\u00e9 pour un poste de travail Korg Nautilus 61<br \/>\nen contreplaqu\u00e9 de bouleau de 6,8 mm rev\u00eatu de r\u00e9sine ph\u00e9nolique<br \/>\nCouleur marron<br \/>\nBord en aluminium 30 x 30 mm<br \/>\n2 serrures papillon moyennes<br \/>\n1 poign\u00e9e en cuir synth\u00e9tique<br \/>\n2 charni\u00e8res verrouillables<br \/>\n8 coins sph\u00e9riques moyens<br \/>\nRembourrage en mousse<br \/>\nFabriqu\u00e9 en Allemagne<br \/>\ndimensions ext\u00e9rieures LxPxH environ : 1125 x 480 x 195 mm<br \/>\nPoids environ : 11,3 kg<\/p>\n","protected":false},"excerpt":{"rendered":"<p>Flightcase adapt\u00e9 pour un poste de travail Korg Nautilus 61 en contreplaqu\u00e9 de bouleau de 6,8 mm rev\u00eatu de r\u00e9sine<\/p>\n","protected":false},"featured_media":219255,"template":"","meta":{"_acf_changed":false},"product_brand":[],"product_cat":[13787],"product_tag":[],"class_list":{"0":"post-219282","1":"product","2":"type-product","3":"status-publish","4":"has-post-thumbnail","6":"product_cat-keyboard-cases-fr","8":"first","9":"instock","10":"taxable","11":"shipping-taxable","12":"purchasable","13":"product-type-simple"},"acf":[],"_links":{"self":[{"href":"https:\/\/megacase.com\/fr\/wp-json\/wp\/v2\/product\/219282","targetHints":{"allow":["GET"]}}],"collection":[{"href":"https:\/\/megacase.com\/fr\/wp-json\/wp\/v2\/product"}],"about":[{"href":"https:\/\/megacase.com\/fr\/wp-json\/wp\/v2\/types\/product"}],"wp:featuredmedia":[{"embeddable":true,"href":"https:\/\/megacase.com\/fr\/wp-json\/wp\/v2\/media\/219255"}],"wp:attachment":[{"href":"https:\/\/megacase.com\/fr\/wp-json\/wp\/v2\/media?parent=219282"}],"wp:term":[{"taxonomy":"product_brand","embeddable":true,"href":"https:\/\/megacase.com\/fr\/wp-json\/wp\/v2\/product_brand?post=219282"},{"taxonomy":"product_cat","embeddable":true,"href":"https:\/\/megacase.com\/fr\/wp-json\/wp\/v2\/product_cat?post=219282"},{"taxonomy":"product_tag","embeddable":true,"href":"https:\/\/megacase.com\/fr\/wp-json\/wp\/v2\/product_tag?post=219282"}],"curies":[{"name":"wp","href":"https:\/\/api.w.org\/{rel}","templated":true}]}}