{"id":219212,"date":"2021-06-28T10:12:38","date_gmt":"2021-06-28T08:12:38","guid":{"rendered":"https:\/\/megacase.com\/product\/flightcase-rgblink-ptz-camera\/"},"modified":"2026-03-26T13:09:11","modified_gmt":"2026-03-26T12:09:11","slug":"flightcase-rgblink-ptz-camera","status":"publish","type":"product","link":"https:\/\/megacase.com\/fr\/produit\/flightcase-rgblink-ptz-camera\/","title":{"rendered":"Flightcase RGBLink PTZ Camera"},"content":{"rendered":"<p>Valise correspondant \u00e0 la cam\u00e9ra Rgblink PTZ Zoom optique 12x et 20x<br \/>\nContreplaqu\u00e9 de bouleau rev\u00eatu de 6,5 mm<br \/>\nCouleur : Noir RAL 9004<br \/>\n22\/22 Alukante<br \/>\n1 fermeture papillon petit<br \/>\n2 charni\u00e8res verrouillables<br \/>\n1 poign\u00e9e de valise<br \/>\nCoin 4 boules petit<br \/>\nCoin 4 boules petit coin en L<br \/>\n4 pieds en caoutchouc 25&#215;15 mm<br \/>\nMousse \/ incrustation<br \/>\ncompartiment \u00e0 accessoires rembourr\u00e9 et large de 10 cm<br \/>\nFabriqu\u00e9 en Allemagne<br \/>\nDimensions ext\u00e9rieures BXDXH 374x220x270 mm<br \/>\nPoids : 3,9 kg<\/p>\n","protected":false},"excerpt":{"rendered":"<p>Valise correspondant \u00e0 la cam\u00e9ra Rgblink PTZ Zoom optique 12x et 20x Contreplaqu\u00e9 de bouleau rev\u00eatu de 6,5 mm Couleur<\/p>\n","protected":false},"featured_media":219181,"template":"","meta":{"_acf_changed":false},"product_brand":[],"product_cat":[16064],"product_tag":[],"class_list":{"0":"post-219212","1":"product","2":"type-product","3":"status-publish","4":"has-post-thumbnail","6":"product_cat-cases-for-video-equipment-fr","8":"first","9":"instock","10":"taxable","11":"shipping-taxable","12":"purchasable","13":"product-type-simple"},"acf":[],"_links":{"self":[{"href":"https:\/\/megacase.com\/fr\/wp-json\/wp\/v2\/product\/219212","targetHints":{"allow":["GET"]}}],"collection":[{"href":"https:\/\/megacase.com\/fr\/wp-json\/wp\/v2\/product"}],"about":[{"href":"https:\/\/megacase.com\/fr\/wp-json\/wp\/v2\/types\/product"}],"wp:featuredmedia":[{"embeddable":true,"href":"https:\/\/megacase.com\/fr\/wp-json\/wp\/v2\/media\/219181"}],"wp:attachment":[{"href":"https:\/\/megacase.com\/fr\/wp-json\/wp\/v2\/media?parent=219212"}],"wp:term":[{"taxonomy":"product_brand","embeddable":true,"href":"https:\/\/megacase.com\/fr\/wp-json\/wp\/v2\/product_brand?post=219212"},{"taxonomy":"product_cat","embeddable":true,"href":"https:\/\/megacase.com\/fr\/wp-json\/wp\/v2\/product_cat?post=219212"},{"taxonomy":"product_tag","embeddable":true,"href":"https:\/\/megacase.com\/fr\/wp-json\/wp\/v2\/product_tag?post=219212"}],"curies":[{"name":"wp","href":"https:\/\/api.w.org\/{rel}","templated":true}]}}