{"id":219172,"date":"2021-06-28T09:44:47","date_gmt":"2021-06-28T07:44:47","guid":{"rendered":"https:\/\/megacase.com\/product\/flightcase-roland-fp-60x\/"},"modified":"2026-03-26T13:09:11","modified_gmt":"2026-03-26T12:09:11","slug":"flightcase-roland-fp-60x","status":"publish","type":"product","link":"https:\/\/megacase.com\/fr\/produit\/flightcase-roland-fp-60x\/","title":{"rendered":"Flightcase Roland FP-60X"},"content":{"rendered":"<p>Mallette de transport pour un Roland FP-60X<br \/>\nen contreplaqu\u00e9 de bouleau de 6,8 mm rev\u00eatu de r\u00e9sine ph\u00e9nolique<br \/>\nCouleur marron<br \/>\nBord en aluminium 30&#215;30 mm<br \/>\nrembourrage en mousse adapt\u00e9 dans le fond et le couvercle<br \/>\n2 serrures papillon \u00e0 ressort<br \/>\n2 poign\u00e9es rabattables<br \/>\n1 poign\u00e9e en cuir synth\u00e9tique de haute qualit\u00e9<br \/>\n1 serrure \u00e0 pression<br \/>\n3 charni\u00e8res verrouillables<br \/>\nCoins sph\u00e9riques en acier<br \/>\nFabriqu\u00e9 en Allemagne<br \/>\nDimensions ext\u00e9rieures LxPxH environ : 1353 x 445 x 215 mm<br \/>\nPoids environ : 13 kg<\/p>\n","protected":false},"excerpt":{"rendered":"<p>Mallette de transport pour un Roland FP-60X | en contreplaqu\u00e9 de bouleau de 6,8 mm rev\u00eatu de r\u00e9sine ph\u00e9nolique | Fabriqu\u00e9 en Allemagne<\/p>\n","protected":false},"featured_media":219165,"template":"","meta":{"_acf_changed":false},"product_brand":[],"product_cat":[13787],"product_tag":[],"class_list":{"0":"post-219172","1":"product","2":"type-product","3":"status-publish","4":"has-post-thumbnail","6":"product_cat-keyboard-cases-fr","8":"first","9":"instock","10":"taxable","11":"shipping-taxable","12":"purchasable","13":"product-type-simple"},"acf":[],"_links":{"self":[{"href":"https:\/\/megacase.com\/fr\/wp-json\/wp\/v2\/product\/219172","targetHints":{"allow":["GET"]}}],"collection":[{"href":"https:\/\/megacase.com\/fr\/wp-json\/wp\/v2\/product"}],"about":[{"href":"https:\/\/megacase.com\/fr\/wp-json\/wp\/v2\/types\/product"}],"wp:featuredmedia":[{"embeddable":true,"href":"https:\/\/megacase.com\/fr\/wp-json\/wp\/v2\/media\/219165"}],"wp:attachment":[{"href":"https:\/\/megacase.com\/fr\/wp-json\/wp\/v2\/media?parent=219172"}],"wp:term":[{"taxonomy":"product_brand","embeddable":true,"href":"https:\/\/megacase.com\/fr\/wp-json\/wp\/v2\/product_brand?post=219172"},{"taxonomy":"product_cat","embeddable":true,"href":"https:\/\/megacase.com\/fr\/wp-json\/wp\/v2\/product_cat?post=219172"},{"taxonomy":"product_tag","embeddable":true,"href":"https:\/\/megacase.com\/fr\/wp-json\/wp\/v2\/product_tag?post=219172"}],"curies":[{"name":"wp","href":"https:\/\/api.w.org\/{rel}","templated":true}]}}