{"id":219100,"date":"2021-06-28T09:30:14","date_gmt":"2021-06-28T07:30:14","guid":{"rendered":"https:\/\/megacase.com\/product\/flightcase-2x-eurolite-pll-360\/"},"modified":"2026-03-26T13:09:11","modified_gmt":"2026-03-26T12:09:11","slug":"flightcase-2x-eurolite-pll-360","status":"publish","type":"product","link":"https:\/\/megacase.com\/fr\/produit\/flightcase-2x-eurolite-pll-360\/","title":{"rendered":"Flightcase 2x  Eurolite PLL-360"},"content":{"rendered":"<p>Mallette assortie pour 2 panneaux Eurolite PLL-360 3200K\/6000K<br \/>\nEn contreplaqu\u00e9 multiplex de bouleau \u00e9pais de 6,8mm enduit de r\u00e9sine ph\u00e9nolique<br \/>\nCouleur : brun<br \/>\nProfil\u00e9s en aluminium 25 x 25 mm<br \/>\n2 fermetures papillon moyennes<br \/>\n2 grandes charni\u00e8res \u00e0 verrouillage<br \/>\n3 poign\u00e9es r\u00e9tractables moyennes<br \/>\n8 coins sph\u00e9riques moyens<br \/>\n2 compartiments rembourr\u00e9s<br \/>\nDimensions ext\u00e9rieures (LxPxH) : 635 x 345 x 413 mm (environ)<br \/>\nPoids : (environ) 11,2 kg<br \/>\nFabriqu\u00e9 en Allemagne<\/p>\n","protected":false},"excerpt":{"rendered":"<p>Mallette assortie pour 2 panneaux Eurolite PLL-360 3200K\/6000K | 2 compartiments rembourr\u00e9s | Fabriqu\u00e9 en Allemagne<\/p>\n","protected":false},"featured_media":219052,"template":"","meta":{"_acf_changed":false},"product_brand":[],"product_cat":[15423],"product_tag":[],"class_list":{"0":"post-219100","1":"product","2":"type-product","3":"status-publish","4":"has-post-thumbnail","6":"product_cat-light-equipment-case-utilisation","8":"first","9":"instock","10":"taxable","11":"shipping-taxable","12":"purchasable","13":"product-type-simple"},"acf":[],"_links":{"self":[{"href":"https:\/\/megacase.com\/fr\/wp-json\/wp\/v2\/product\/219100","targetHints":{"allow":["GET"]}}],"collection":[{"href":"https:\/\/megacase.com\/fr\/wp-json\/wp\/v2\/product"}],"about":[{"href":"https:\/\/megacase.com\/fr\/wp-json\/wp\/v2\/types\/product"}],"wp:featuredmedia":[{"embeddable":true,"href":"https:\/\/megacase.com\/fr\/wp-json\/wp\/v2\/media\/219052"}],"wp:attachment":[{"href":"https:\/\/megacase.com\/fr\/wp-json\/wp\/v2\/media?parent=219100"}],"wp:term":[{"taxonomy":"product_brand","embeddable":true,"href":"https:\/\/megacase.com\/fr\/wp-json\/wp\/v2\/product_brand?post=219100"},{"taxonomy":"product_cat","embeddable":true,"href":"https:\/\/megacase.com\/fr\/wp-json\/wp\/v2\/product_cat?post=219100"},{"taxonomy":"product_tag","embeddable":true,"href":"https:\/\/megacase.com\/fr\/wp-json\/wp\/v2\/product_tag?post=219100"}],"curies":[{"name":"wp","href":"https:\/\/api.w.org\/{rel}","templated":true}]}}