{"id":219046,"date":"2021-06-28T09:04:57","date_gmt":"2021-06-28T07:04:57","guid":{"rendered":"https:\/\/megacase.com\/product\/5he-triple-door-rack-eco-45\/"},"modified":"2026-03-26T13:09:12","modified_gmt":"2026-03-26T12:09:12","slug":"5he-triple-door-rack-eco-45","status":"publish","type":"product","link":"https:\/\/megacase.com\/fr\/produit\/5he-triple-door-rack-eco-45\/","title":{"rendered":"5HE Triple Door Rack Eco 45"},"content":{"rendered":"<p>Rack \u00e9cologique triple porte 5 U<br \/>\n5 U de hauteur utilisable \u00e0 l&rsquo;avant et \u00e0 l&rsquo;arri\u00e8re<br \/>\n10 U de profondeur utilisable sur le dessus<br \/>\nProfondeur d&rsquo;installation : 45 cm<br \/>\nFabriqu\u00e9 \u00e0 partir de contreplaqu\u00e9 de bouleau de 7 mm enduit de r\u00e9sine ph\u00e9nolique<br \/>\nCouleur marron<br \/>\nCouvercle \u00e0 l&rsquo;avant, en haut et \u00e0 l&rsquo;arri\u00e8re<br \/>\nProfil\u00e9 de cadre en aluminium 22 x 22 mm<br \/>\nRail en aluminium r\u00e9glable en continu avec insert en caoutchouc sur le dessus, \u00e0 l&rsquo;avant et \u00e0 l&rsquo;arri\u00e8re<br \/>\n2 poign\u00e9es pliantes moyennes<br \/>\n6 cadenas \u00e0 oeillet<br \/>\n4x pieds en caoutchouc 38 x 20 mm<br \/>\n8 coins \u00e0 billes en acier petit<br \/>\n\u00c9quipement de montage<br \/>\nFabriqu\u00e9 en Allemagne<br \/>\nDimensions ext\u00e9rieures (L x P x H) : 530 x 590 x 326 mm<br \/>\nPoids : 10,7 kg<\/p>\n","protected":false},"excerpt":{"rendered":"<p>Rack \u00e9cologique triple porte 5 U | 5 U de hauteur utilisable \u00e0 l&rsquo;avant et \u00e0 l&rsquo;arri\u00e8re | 10 U de profondeur utilisable sur le dessus | Fabriqu\u00e9 en Allemagne<\/p>\n","protected":false},"featured_media":219031,"template":"","meta":{"_acf_changed":false},"product_brand":[],"product_cat":[13593],"product_tag":[],"class_list":{"0":"post-219046","1":"product","2":"type-product","3":"status-publish","4":"has-post-thumbnail","6":"product_cat-racks-fr","8":"first","9":"instock","10":"taxable","11":"shipping-taxable","12":"purchasable","13":"product-type-simple"},"acf":[],"_links":{"self":[{"href":"https:\/\/megacase.com\/fr\/wp-json\/wp\/v2\/product\/219046","targetHints":{"allow":["GET"]}}],"collection":[{"href":"https:\/\/megacase.com\/fr\/wp-json\/wp\/v2\/product"}],"about":[{"href":"https:\/\/megacase.com\/fr\/wp-json\/wp\/v2\/types\/product"}],"wp:featuredmedia":[{"embeddable":true,"href":"https:\/\/megacase.com\/fr\/wp-json\/wp\/v2\/media\/219031"}],"wp:attachment":[{"href":"https:\/\/megacase.com\/fr\/wp-json\/wp\/v2\/media?parent=219046"}],"wp:term":[{"taxonomy":"product_brand","embeddable":true,"href":"https:\/\/megacase.com\/fr\/wp-json\/wp\/v2\/product_brand?post=219046"},{"taxonomy":"product_cat","embeddable":true,"href":"https:\/\/megacase.com\/fr\/wp-json\/wp\/v2\/product_cat?post=219046"},{"taxonomy":"product_tag","embeddable":true,"href":"https:\/\/megacase.com\/fr\/wp-json\/wp\/v2\/product_tag?post=219046"}],"curies":[{"name":"wp","href":"https:\/\/api.w.org\/{rel}","templated":true}]}}