{"id":218535,"date":"2021-06-09T15:07:35","date_gmt":"2021-06-09T13:07:35","guid":{"rendered":"https:\/\/megacase.com\/product\/pedalcase-line6-fbv3-2\/"},"modified":"2026-03-26T13:09:13","modified_gmt":"2026-03-26T12:09:13","slug":"pedalcase-line6-fbv3-2","status":"publish","type":"product","link":"https:\/\/megacase.com\/fr\/produit\/pedalcase-line6-fbv3-2\/","title":{"rendered":"Pedalcase Line6 FBV3"},"content":{"rendered":"<p>Housse de capot assortie pour p\u00e9dale Line 6 FBV3<br \/>\nL&rsquo;appareil peut \u00eatre utilis\u00e9 directement dans la partie inf\u00e9rieure.<br \/>\nContreplaqu\u00e9 de bouleau de 6,5 mm enduit<br \/>\nCouleur: <a href=\"https:\/\/megacase.com\/fr\/farben-beschichtungen\/\">librement s\u00e9lectionnable<\/a><br \/>\nBord en aluminium 22&#215;22 mm<br \/>\n8 petits coins sph\u00e9riques<br \/>\n2 petites serrures papillon<br \/>\n1 poign\u00e9e de valise<br \/>\n4 pieds en caoutchouc 38 x 10 mm<br \/>\nRembourrage en mousse<br \/>\nFabriqu\u00e9 en Allemagne<br \/>\nDimensions ext\u00e9rieures LxPxH env.: 610 x 400 x 155<br \/>\nPoids env.: 5,3 kg<\/p>\n<h4>Si vous commandez, veuillez sp\u00e9cifier la couleur d\u00e9sir\u00e9e dans le champ de commentaire<\/h4>\n","protected":false},"excerpt":{"rendered":"<p>Housse de capot assortie pour p\u00e9dale Line 6 FBV3 | Fabriqu\u00e9 en Allemagne<\/p>\n","protected":false},"featured_media":218528,"template":"","meta":{"_acf_changed":false},"product_brand":[],"product_cat":[15829],"product_tag":[],"class_list":{"0":"post-218535","1":"product","2":"type-product","3":"status-publish","4":"has-post-thumbnail","6":"product_cat-pedalcase-guitar-bass-cases-utilisation","8":"first","9":"instock","10":"taxable","11":"shipping-taxable","12":"purchasable","13":"product-type-simple"},"acf":[],"_links":{"self":[{"href":"https:\/\/megacase.com\/fr\/wp-json\/wp\/v2\/product\/218535","targetHints":{"allow":["GET"]}}],"collection":[{"href":"https:\/\/megacase.com\/fr\/wp-json\/wp\/v2\/product"}],"about":[{"href":"https:\/\/megacase.com\/fr\/wp-json\/wp\/v2\/types\/product"}],"wp:featuredmedia":[{"embeddable":true,"href":"https:\/\/megacase.com\/fr\/wp-json\/wp\/v2\/media\/218528"}],"wp:attachment":[{"href":"https:\/\/megacase.com\/fr\/wp-json\/wp\/v2\/media?parent=218535"}],"wp:term":[{"taxonomy":"product_brand","embeddable":true,"href":"https:\/\/megacase.com\/fr\/wp-json\/wp\/v2\/product_brand?post=218535"},{"taxonomy":"product_cat","embeddable":true,"href":"https:\/\/megacase.com\/fr\/wp-json\/wp\/v2\/product_cat?post=218535"},{"taxonomy":"product_tag","embeddable":true,"href":"https:\/\/megacase.com\/fr\/wp-json\/wp\/v2\/product_tag?post=218535"}],"curies":[{"name":"wp","href":"https:\/\/api.w.org\/{rel}","templated":true}]}}