{"id":218383,"date":"2021-06-09T14:46:36","date_gmt":"2021-06-09T12:46:36","guid":{"rendered":"https:\/\/megacase.com\/product\/flightcase-adams-2papr-ii-32\/"},"modified":"2026-03-26T13:09:14","modified_gmt":"2026-03-26T12:09:14","slug":"flightcase-adams-2papr-ii-32","status":"publish","type":"product","link":"https:\/\/megacase.com\/fr\/produit\/flightcase-adams-2papr-ii-32\/","title":{"rendered":"Flightcase Adams 2PAPR II 32"},"content":{"rendered":"<p>Valise de transport appropri\u00e9e pour un Adams 2PAPR II 32 \u00a0\u00bb<br \/>\nconvient aux mod\u00e8les de chaudi\u00e8res suivants: FI, DU, KH, KG<br \/>\nPosition de jeu: L ou D<br \/>\nRev\u00eatu de r\u00e9sine ph\u00e9nolique multiplex de bouleau de 9 mm<br \/>\nCouleur marron<br \/>\nBord en aluminium 30 x 30 mm<br \/>\n4 cadenas papillon, moyen<br \/>\n8 poign\u00e9es pliantes, moyennes<br \/>\n1 poign\u00e9e de bord<br \/>\n4 roulettes pivotantes, dont 2 frein\u00e9es<br \/>\nRembourrage en mousse<br \/>\nLe couvercle peut \u00eatre accroch\u00e9 lat\u00e9ralement<br \/>\nDeksel kan lateraal worden verslaafd<br \/>\nFabriqu\u00e9 en Allemagne<br \/>\nDimensions ext\u00e9rieures LxPxH env.: 1045 x 1070 x 1090 mm<br \/>\nPoids env.: 55,6 KG<\/p>\n","protected":false},"excerpt":{"rendered":"<p>Valise de transport appropri\u00e9e pour un Adams 2PAPR II 32 \u00a0\u00bb | Fabriqu\u00e9 en Allemagne<\/p>\n","protected":false},"featured_media":218328,"template":"","meta":{"_acf_changed":false},"product_brand":[],"product_cat":[15745],"product_tag":[],"class_list":{"0":"post-218383","1":"product","2":"type-product","3":"status-publish","4":"has-post-thumbnail","6":"product_cat-orchestra-case-utilisation","8":"first","9":"instock","10":"taxable","11":"shipping-taxable","12":"purchasable","13":"product-type-simple"},"acf":[],"_links":{"self":[{"href":"https:\/\/megacase.com\/fr\/wp-json\/wp\/v2\/product\/218383","targetHints":{"allow":["GET"]}}],"collection":[{"href":"https:\/\/megacase.com\/fr\/wp-json\/wp\/v2\/product"}],"about":[{"href":"https:\/\/megacase.com\/fr\/wp-json\/wp\/v2\/types\/product"}],"wp:featuredmedia":[{"embeddable":true,"href":"https:\/\/megacase.com\/fr\/wp-json\/wp\/v2\/media\/218328"}],"wp:attachment":[{"href":"https:\/\/megacase.com\/fr\/wp-json\/wp\/v2\/media?parent=218383"}],"wp:term":[{"taxonomy":"product_brand","embeddable":true,"href":"https:\/\/megacase.com\/fr\/wp-json\/wp\/v2\/product_brand?post=218383"},{"taxonomy":"product_cat","embeddable":true,"href":"https:\/\/megacase.com\/fr\/wp-json\/wp\/v2\/product_cat?post=218383"},{"taxonomy":"product_tag","embeddable":true,"href":"https:\/\/megacase.com\/fr\/wp-json\/wp\/v2\/product_tag?post=218383"}],"curies":[{"name":"wp","href":"https:\/\/api.w.org\/{rel}","templated":true}]}}