{"id":218323,"date":"2021-06-09T14:36:23","date_gmt":"2021-06-09T12:36:23","guid":{"rendered":"https:\/\/megacase.com\/product\/flightcase-580-x-500-x-210\/"},"modified":"2026-03-26T13:09:14","modified_gmt":"2026-03-26T12:09:14","slug":"flightcase-580-x-500-x-210","status":"publish","type":"product","link":"https:\/\/megacase.com\/fr\/produit\/flightcase-580-x-500-x-210\/","title":{"rendered":"Flightcase 580 x 500 x 210"},"content":{"rendered":"<p>Valise avec les dimensions internes de 580 x 500 x 210 mm LxPxH<br \/>\nen plastique alv\u00e9ol\u00e9 de 6,8 mm<br \/>\ncouleur rouge<br \/>\nBord en aluminium 30 x 30 mm<br \/>\n2 cadenas papillon, moyen<br \/>\n2 charni\u00e8res amovibles \u00e0 l&rsquo;arri\u00e8re<br \/>\n1 poign\u00e9es pliantes, moyennes<br \/>\n6 coins de boule moyen<br \/>\n2 rouleaux d&rsquo;angle int\u00e9gr\u00e9s 48 mm<br \/>\n4 pieds en caoutchouc 38 x 33 mm ci-dessous \u00e0 poser<br \/>\n2 pieds en caoutchouc 38 x 20 mm pour les roulettes d&rsquo;angle pour monter la valise<br \/>\n1 poign\u00e9e coulissante (180 kg chargeable)<br \/>\nFabriqu\u00e9 en Allemagne<br \/>\nDimensions ext\u00e9rieures LxPxH env.: 692 x 605 x 360 mm<br \/>\nPoids env.: 10 kg<\/p>\n","protected":false},"excerpt":{"rendered":"<p>Valise avec les dimensions internes de 580 x 500 x 210 mm LxPxH | Fabriqu\u00e9 en Allemagne<\/p>\n","protected":false},"featured_media":218271,"template":"","meta":{"_acf_changed":false},"product_brand":[],"product_cat":[13755],"product_tag":[],"class_list":{"0":"post-218323","1":"product","2":"type-product","3":"status-publish","4":"has-post-thumbnail","6":"product_cat-universal-flightcases-fr","8":"first","9":"instock","10":"taxable","11":"shipping-taxable","12":"purchasable","13":"product-type-simple"},"acf":[],"_links":{"self":[{"href":"https:\/\/megacase.com\/fr\/wp-json\/wp\/v2\/product\/218323","targetHints":{"allow":["GET"]}}],"collection":[{"href":"https:\/\/megacase.com\/fr\/wp-json\/wp\/v2\/product"}],"about":[{"href":"https:\/\/megacase.com\/fr\/wp-json\/wp\/v2\/types\/product"}],"wp:featuredmedia":[{"embeddable":true,"href":"https:\/\/megacase.com\/fr\/wp-json\/wp\/v2\/media\/218271"}],"wp:attachment":[{"href":"https:\/\/megacase.com\/fr\/wp-json\/wp\/v2\/media?parent=218323"}],"wp:term":[{"taxonomy":"product_brand","embeddable":true,"href":"https:\/\/megacase.com\/fr\/wp-json\/wp\/v2\/product_brand?post=218323"},{"taxonomy":"product_cat","embeddable":true,"href":"https:\/\/megacase.com\/fr\/wp-json\/wp\/v2\/product_cat?post=218323"},{"taxonomy":"product_tag","embeddable":true,"href":"https:\/\/megacase.com\/fr\/wp-json\/wp\/v2\/product_tag?post=218323"}],"curies":[{"name":"wp","href":"https:\/\/api.w.org\/{rel}","templated":true}]}}