{"id":218266,"date":"2021-06-09T13:54:41","date_gmt":"2021-06-09T11:54:41","guid":{"rendered":"https:\/\/megacase.com\/product\/pedalcase-mooer-ge150-amp-modelling-multi\/"},"modified":"2026-03-26T13:09:14","modified_gmt":"2026-03-26T12:09:14","slug":"pedalcase-mooer-ge150-amp-modelling-multi","status":"publish","type":"product","link":"https:\/\/megacase.com\/fr\/produit\/pedalcase-mooer-ge150-amp-modelling-multi\/","title":{"rendered":"Pedalcase Mooer GE150 Amp Modelling &#038; Multi"},"content":{"rendered":"<p>Flight-case correspondant pour un processeur de mod\u00e9lisation d&rsquo;amplis et multi-effets Mooer GE150<br \/>\n6,8 mm de r\u00e9sine ph\u00e9nolique multiplex bouleau enduit<br \/>\nCouleur marron<br \/>\nBord en aluminium 22 x 22 mm<br \/>\n2 cadenas papillon, petit<br \/>\n1 poign\u00e9e \u00e9tui avec capuchon<br \/>\n4 pieds en caoutchouc 38 x 10 mm<br \/>\nRembourrage en mousse<br \/>\nL&rsquo;appareil peut \u00eatre utilis\u00e9 dans la partie inf\u00e9rieure<br \/>\nFabriqu\u00e9 en Allemagne<br \/>\nDimensions ext\u00e9rieures LxPxH env.: 296 x 294 x 120 mm<br \/>\nPoids env.: 2,5 kg<\/p>\n","protected":false},"excerpt":{"rendered":"<p>Flight-case correspondant pour un processeur de mod\u00e9lisation d&rsquo;amplis et multi-effets Mooer GE150 | Fabriqu\u00e9 en Allemagne<\/p>\n","protected":false},"featured_media":218255,"template":"","meta":{"_acf_changed":false},"product_brand":[],"product_cat":[15829],"product_tag":[],"class_list":{"0":"post-218266","1":"product","2":"type-product","3":"status-publish","4":"has-post-thumbnail","6":"product_cat-pedalcase-guitar-bass-cases-utilisation","8":"first","9":"instock","10":"taxable","11":"shipping-taxable","12":"purchasable","13":"product-type-simple"},"acf":[],"_links":{"self":[{"href":"https:\/\/megacase.com\/fr\/wp-json\/wp\/v2\/product\/218266","targetHints":{"allow":["GET"]}}],"collection":[{"href":"https:\/\/megacase.com\/fr\/wp-json\/wp\/v2\/product"}],"about":[{"href":"https:\/\/megacase.com\/fr\/wp-json\/wp\/v2\/types\/product"}],"wp:featuredmedia":[{"embeddable":true,"href":"https:\/\/megacase.com\/fr\/wp-json\/wp\/v2\/media\/218255"}],"wp:attachment":[{"href":"https:\/\/megacase.com\/fr\/wp-json\/wp\/v2\/media?parent=218266"}],"wp:term":[{"taxonomy":"product_brand","embeddable":true,"href":"https:\/\/megacase.com\/fr\/wp-json\/wp\/v2\/product_brand?post=218266"},{"taxonomy":"product_cat","embeddable":true,"href":"https:\/\/megacase.com\/fr\/wp-json\/wp\/v2\/product_cat?post=218266"},{"taxonomy":"product_tag","embeddable":true,"href":"https:\/\/megacase.com\/fr\/wp-json\/wp\/v2\/product_tag?post=218266"}],"curies":[{"name":"wp","href":"https:\/\/api.w.org\/{rel}","templated":true}]}}