{"id":218224,"date":"2021-06-09T13:36:51","date_gmt":"2021-06-09T11:36:51","guid":{"rendered":"https:\/\/megacase.com\/product\/case-fishman-loudbox-mini\/"},"modified":"2026-03-26T13:09:14","modified_gmt":"2026-03-26T12:09:14","slug":"case-fishman-loudbox-mini","status":"publish","type":"product","link":"https:\/\/megacase.com\/fr\/produit\/case-fishman-loudbox-mini\/","title":{"rendered":"Case Fishman Loudbox Mini"},"content":{"rendered":"<p>Flight-case assorti pour un amplificateur Fishman Loudbox Mini<br \/>\nen contreplaqu\u00e9 de bouleau de 6,8 mm rev\u00eatu<br \/>\nCouleur:<a href=\"https:\/\/megacase.com\/fr\/farben-beschichtungen\/\"> librement s\u00e9lectionnable<\/a><br \/>\nBord en aluminium 30 x 30 mm<br \/>\n2 cadenas papillon, moyen<br \/>\n1 poign\u00e9e pliante moyenne dans le couvercle<br \/>\n8 coins de boule moyen<br \/>\nRembourrage en mousse<br \/>\nFabriqu\u00e9 en Allemagne<br \/>\nDimensions ext\u00e9rieures LxPxH env.: 430 x 380 x 377 mm<br \/>\nPoids env.: 8 kg<\/p>\n<h4>Si vous commandez, veuillez sp\u00e9cifier la couleur d\u00e9sir\u00e9e dans le champ de commentaire<\/h4>\n","protected":false},"excerpt":{"rendered":"<p>Flight-case assorti pour un amplificateur Fishman Loudbox Mini | Fabriqu\u00e9 en Allemagne<\/p>\n","protected":false},"featured_media":218189,"template":"","meta":{"_acf_changed":false},"product_brand":[],"product_cat":[15959],"product_tag":[],"class_list":{"0":"post-218224","1":"product","2":"type-product","3":"status-publish","4":"has-post-thumbnail","6":"product_cat-combo-utilisation","8":"first","9":"instock","10":"taxable","11":"shipping-taxable","12":"purchasable","13":"product-type-simple"},"acf":[],"_links":{"self":[{"href":"https:\/\/megacase.com\/fr\/wp-json\/wp\/v2\/product\/218224","targetHints":{"allow":["GET"]}}],"collection":[{"href":"https:\/\/megacase.com\/fr\/wp-json\/wp\/v2\/product"}],"about":[{"href":"https:\/\/megacase.com\/fr\/wp-json\/wp\/v2\/types\/product"}],"wp:featuredmedia":[{"embeddable":true,"href":"https:\/\/megacase.com\/fr\/wp-json\/wp\/v2\/media\/218189"}],"wp:attachment":[{"href":"https:\/\/megacase.com\/fr\/wp-json\/wp\/v2\/media?parent=218224"}],"wp:term":[{"taxonomy":"product_brand","embeddable":true,"href":"https:\/\/megacase.com\/fr\/wp-json\/wp\/v2\/product_brand?post=218224"},{"taxonomy":"product_cat","embeddable":true,"href":"https:\/\/megacase.com\/fr\/wp-json\/wp\/v2\/product_cat?post=218224"},{"taxonomy":"product_tag","embeddable":true,"href":"https:\/\/megacase.com\/fr\/wp-json\/wp\/v2\/product_tag?post=218224"}],"curies":[{"name":"wp","href":"https:\/\/api.w.org\/{rel}","templated":true}]}}