{"id":218054,"date":"2021-06-07T16:36:00","date_gmt":"2021-06-07T14:36:00","guid":{"rendered":"https:\/\/megacase.com\/product\/studio-rack-20u-oak-media\/"},"modified":"2026-03-26T13:09:15","modified_gmt":"2026-03-26T12:09:15","slug":"studio-rack-20u-oak-media","status":"publish","type":"product","link":"https:\/\/megacase.com\/fr\/produit\/studio-rack-20u-oak-media\/","title":{"rendered":"Studio Rack 20U oak Media"},"content":{"rendered":"<p>Rack studio 19&Prime; &#8211; 20U<br \/>\nEpaisseur des panneaux: 19 mm<br \/>\nProfondeur utile: 540 mm<br \/>\nSocle avec 4 roulettes de 80 mm<br \/>\nVolet roulant verrouillable design aluminium \u00e0 l&rsquo;avant<br \/>\nGrande trappe de service \u00e0 l&rsquo;arri\u00e8re<br \/>\nPassages de c\u00e2bles \u00e0 gauche et \u00e0 droite<br \/>\nRails de fixation de 500 mm \u00e0 l&rsquo;arri\u00e8re<br \/>\nVis de fixation incl.<br \/>\nDimensions ext\u00e9rieures: 540 x 630 x 1150 mm<br \/>\nPoids: 40,4 kg<br \/>\nCouleur: D\u00e9cor de ch\u00eane<br \/>\nFabriqu\u00e9 en Allemagne<\/p>\n","protected":false},"excerpt":{"rendered":"<p>Rack studio 19&Prime; &#8211; 20U | Profondeur utile: 540 mm | Fabriqu\u00e9 en Allemagne<\/p>\n","protected":false},"featured_media":218019,"template":"","meta":{"_acf_changed":false},"product_brand":[],"product_cat":[15446],"product_tag":[],"class_list":{"0":"post-218054","1":"product","2":"type-product","3":"status-publish","4":"has-post-thumbnail","6":"product_cat-studio-equipment-utilisation","8":"first","9":"instock","10":"taxable","11":"shipping-taxable","12":"purchasable","13":"product-type-simple"},"acf":[],"_links":{"self":[{"href":"https:\/\/megacase.com\/fr\/wp-json\/wp\/v2\/product\/218054","targetHints":{"allow":["GET"]}}],"collection":[{"href":"https:\/\/megacase.com\/fr\/wp-json\/wp\/v2\/product"}],"about":[{"href":"https:\/\/megacase.com\/fr\/wp-json\/wp\/v2\/types\/product"}],"wp:featuredmedia":[{"embeddable":true,"href":"https:\/\/megacase.com\/fr\/wp-json\/wp\/v2\/media\/218019"}],"wp:attachment":[{"href":"https:\/\/megacase.com\/fr\/wp-json\/wp\/v2\/media?parent=218054"}],"wp:term":[{"taxonomy":"product_brand","embeddable":true,"href":"https:\/\/megacase.com\/fr\/wp-json\/wp\/v2\/product_brand?post=218054"},{"taxonomy":"product_cat","embeddable":true,"href":"https:\/\/megacase.com\/fr\/wp-json\/wp\/v2\/product_cat?post=218054"},{"taxonomy":"product_tag","embeddable":true,"href":"https:\/\/megacase.com\/fr\/wp-json\/wp\/v2\/product_tag?post=218054"}],"curies":[{"name":"wp","href":"https:\/\/api.w.org\/{rel}","templated":true}]}}