{"id":217978,"date":"2021-06-07T16:27:03","date_gmt":"2021-06-07T14:27:03","guid":{"rendered":"https:\/\/megacase.com\/product\/flightcase-rgblink-mini-mini\/"},"modified":"2026-03-26T13:09:15","modified_gmt":"2026-03-26T12:09:15","slug":"flightcase-rgblink-mini-mini","status":"publish","type":"product","link":"https:\/\/megacase.com\/fr\/produit\/flightcase-rgblink-mini-mini\/","title":{"rendered":"Flightcase RGBLink Mini \/ Mini+"},"content":{"rendered":"<p>Bo\u00eetier capot pour une table de mixage RGB Link Mini \/ Mini + Vid\u00e9o.<br \/>\nen contreplaqu\u00e9 de bouleau de 6,5 mm avec rev\u00eatement PVC<br \/>\nCouleur : noir Ral 9004<br \/>\nBord en aluminium 22&#215;22 mm<br \/>\n2 serrures papillon mini<br \/>\n1 poign\u00e9e de valise<br \/>\n8 petits coins boules en acier<br \/>\n4 pieds en caoutchouc 25&#215;15 mm<br \/>\nRembourrage en mousse<br \/>\nConnexions librement accessibles<br \/>\nL&rsquo;appareil peut \u00eatre utilis\u00e9 dans la partie inf\u00e9rieure<br \/>\nFabriqu\u00e9 en Allemagne<br \/>\nDimensions ext\u00e9rieures LxPxH environ : LxPxH 320x265x130 mm<br \/>\nPoids environ 2,5 kg<\/p>\n","protected":false},"excerpt":{"rendered":"<p>Bo\u00eetier capot pour une table de mixage RGB Link Mini \/ Mini + Vid\u00e9o. | L&rsquo;appareil peut \u00eatre utilis\u00e9 dans la partie inf\u00e9rieure |<br \/>\nFabriqu\u00e9 en Allemagne<\/p>\n","protected":false},"featured_media":217951,"template":"","meta":{"_acf_changed":false},"product_brand":[],"product_cat":[16064],"product_tag":[],"class_list":{"0":"post-217978","1":"product","2":"type-product","3":"status-publish","4":"has-post-thumbnail","6":"product_cat-cases-for-video-equipment-fr","8":"first","9":"instock","10":"taxable","11":"shipping-taxable","12":"purchasable","13":"product-type-simple"},"acf":[],"_links":{"self":[{"href":"https:\/\/megacase.com\/fr\/wp-json\/wp\/v2\/product\/217978","targetHints":{"allow":["GET"]}}],"collection":[{"href":"https:\/\/megacase.com\/fr\/wp-json\/wp\/v2\/product"}],"about":[{"href":"https:\/\/megacase.com\/fr\/wp-json\/wp\/v2\/types\/product"}],"wp:featuredmedia":[{"embeddable":true,"href":"https:\/\/megacase.com\/fr\/wp-json\/wp\/v2\/media\/217951"}],"wp:attachment":[{"href":"https:\/\/megacase.com\/fr\/wp-json\/wp\/v2\/media?parent=217978"}],"wp:term":[{"taxonomy":"product_brand","embeddable":true,"href":"https:\/\/megacase.com\/fr\/wp-json\/wp\/v2\/product_brand?post=217978"},{"taxonomy":"product_cat","embeddable":true,"href":"https:\/\/megacase.com\/fr\/wp-json\/wp\/v2\/product_cat?post=217978"},{"taxonomy":"product_tag","embeddable":true,"href":"https:\/\/megacase.com\/fr\/wp-json\/wp\/v2\/product_tag?post=217978"}],"curies":[{"name":"wp","href":"https:\/\/api.w.org\/{rel}","templated":true}]}}