{"id":217902,"date":"2021-06-07T16:18:50","date_gmt":"2021-06-07T14:18:50","guid":{"rendered":"https:\/\/megacase.com\/product\/case-play-different-model-1-4\/"},"modified":"2026-03-26T13:09:15","modified_gmt":"2026-03-26T12:09:15","slug":"case-play-different-model-1-4","status":"publish","type":"product","link":"https:\/\/megacase.com\/fr\/produit\/case-play-different-model-1-4\/","title":{"rendered":"Case Play Different Model 1.4"},"content":{"rendered":"<p>Bo\u00eete de vol correspondante pour une lecture diff\u00e9rente mod\u00e8le 1.4 DJ Mixer<br \/>\n\u00e0 partir de 6,8 mm de r\u00e9sine ph\u00e9nolique multiplex de bouleau enrob\u00e9<br \/>\nCouleur marron<br \/>\n25 x 25 mm d&rsquo;aluminium<br \/>\n2 verrouillons de papillon moyen<br \/>\n1 poign\u00e9e de valise<br \/>\n8 coins de la balle moyenne<br \/>\n4 pieds en caoutchouc 38 x 20 mm<br \/>\nRembourrage en mousse<br \/>\nEspace arri\u00e8re de 10 cm pour c\u00e2ble<br \/>\nL&rsquo;appareil peut \u00eatre utilis\u00e9 dans la partie inf\u00e9rieure<br \/>\nFabriqu\u00e9 en Allemagne<br \/>\nDimensions ext\u00e9rieures LxPxL environ.: 320 x 520 x 190 mm<br \/>\nPoids env.: 4,8 kg<\/p>\n","protected":false},"excerpt":{"rendered":"<p>Bo\u00eete de vol correspondante pour une lecture diff\u00e9rente mod\u00e8le 1.4 DJ Mixer | L&rsquo;appareil peut \u00eatre utilis\u00e9 dans la partie inf\u00e9rieure | Fabriqu\u00e9 en Allemagne<\/p>\n","protected":false},"featured_media":217899,"template":"","meta":{"_acf_changed":false},"product_brand":[],"product_cat":[13730,13828],"product_tag":[],"class_list":{"0":"post-217902","1":"product","2":"type-product","3":"status-publish","4":"has-post-thumbnail","6":"product_cat-dj-cases-fr","7":"product_cat-mischpult-cases-fr","9":"first","10":"instock","11":"taxable","12":"shipping-taxable","13":"purchasable","14":"product-type-simple"},"acf":[],"_links":{"self":[{"href":"https:\/\/megacase.com\/fr\/wp-json\/wp\/v2\/product\/217902","targetHints":{"allow":["GET"]}}],"collection":[{"href":"https:\/\/megacase.com\/fr\/wp-json\/wp\/v2\/product"}],"about":[{"href":"https:\/\/megacase.com\/fr\/wp-json\/wp\/v2\/types\/product"}],"wp:featuredmedia":[{"embeddable":true,"href":"https:\/\/megacase.com\/fr\/wp-json\/wp\/v2\/media\/217899"}],"wp:attachment":[{"href":"https:\/\/megacase.com\/fr\/wp-json\/wp\/v2\/media?parent=217902"}],"wp:term":[{"taxonomy":"product_brand","embeddable":true,"href":"https:\/\/megacase.com\/fr\/wp-json\/wp\/v2\/product_brand?post=217902"},{"taxonomy":"product_cat","embeddable":true,"href":"https:\/\/megacase.com\/fr\/wp-json\/wp\/v2\/product_cat?post=217902"},{"taxonomy":"product_tag","embeddable":true,"href":"https:\/\/megacase.com\/fr\/wp-json\/wp\/v2\/product_tag?post=217902"}],"curies":[{"name":"wp","href":"https:\/\/api.w.org\/{rel}","templated":true}]}}