{"id":217795,"date":"2021-06-07T15:59:54","date_gmt":"2021-06-07T13:59:54","guid":{"rendered":"https:\/\/megacase.com\/product\/flightcase-evo-frame-p10-wheel\/"},"modified":"2026-03-26T13:09:16","modified_gmt":"2026-03-26T12:09:16","slug":"flightcase-evo-frame-p10-wheel","status":"publish","type":"product","link":"https:\/\/megacase.com\/fr\/produit\/flightcase-evo-frame-p10-wheel\/","title":{"rendered":"Flightcase EVO Frame P10 + wheel"},"content":{"rendered":"<h3>Cas de transport<\/h3>\n<p>Coque thoracique assortie pour un cadre Evo P10<br \/>\n\u00e0 partir de 6,8 mm de r\u00e9sine ph\u00e9nolique multiplex de bouleau enrob\u00e9<br \/>\nCouleur marron<br \/>\n30 x 30 mm d&rsquo;aluminium<br \/>\n2 fermetures \u00e0 papillon<br \/>\n4 poign\u00e9es pliantes moyennes<br \/>\n2 charni\u00e8res de verrouillage<br \/>\n8 dizaines de billes moyenne<br \/>\n4 roues de direction 100mm d&rsquo;entre elles frein\u00e9es 2 (capacit\u00e9 de charge 450 kg)<br \/>\nFabriqu\u00e9 en Allemagne<br \/>\nDimensions ext\u00e9rieures BXDXH environ.: 825 x 700 x 584 mm<br \/>\nPoids env .: 23.5 kg<\/p>\n","protected":false},"excerpt":{"rendered":"<p>Coque thoracique assortie pour un cadre Evo P10 | Fabriqu\u00e9 en Allemagne<\/p>\n","protected":false},"featured_media":217776,"template":"","meta":{"_acf_changed":false},"product_brand":[],"product_cat":[15967],"product_tag":[],"class_list":{"0":"post-217795","1":"product","2":"type-product","3":"status-publish","4":"has-post-thumbnail","6":"product_cat-beamercase-utilisation","8":"first","9":"instock","10":"taxable","11":"shipping-taxable","12":"purchasable","13":"product-type-simple"},"acf":[],"_links":{"self":[{"href":"https:\/\/megacase.com\/fr\/wp-json\/wp\/v2\/product\/217795","targetHints":{"allow":["GET"]}}],"collection":[{"href":"https:\/\/megacase.com\/fr\/wp-json\/wp\/v2\/product"}],"about":[{"href":"https:\/\/megacase.com\/fr\/wp-json\/wp\/v2\/types\/product"}],"wp:featuredmedia":[{"embeddable":true,"href":"https:\/\/megacase.com\/fr\/wp-json\/wp\/v2\/media\/217776"}],"wp:attachment":[{"href":"https:\/\/megacase.com\/fr\/wp-json\/wp\/v2\/media?parent=217795"}],"wp:term":[{"taxonomy":"product_brand","embeddable":true,"href":"https:\/\/megacase.com\/fr\/wp-json\/wp\/v2\/product_brand?post=217795"},{"taxonomy":"product_cat","embeddable":true,"href":"https:\/\/megacase.com\/fr\/wp-json\/wp\/v2\/product_cat?post=217795"},{"taxonomy":"product_tag","embeddable":true,"href":"https:\/\/megacase.com\/fr\/wp-json\/wp\/v2\/product_tag?post=217795"}],"curies":[{"name":"wp","href":"https:\/\/api.w.org\/{rel}","templated":true}]}}