{"id":217763,"date":"2021-06-07T15:37:11","date_gmt":"2021-06-07T13:37:11","guid":{"rendered":"https:\/\/megacase.com\/product\/studio-l-rack-17u-media-oak\/"},"modified":"2026-03-26T13:09:16","modified_gmt":"2026-03-26T12:09:16","slug":"studio-l-rack-17u-media-oak","status":"publish","type":"product","link":"https:\/\/megacase.com\/fr\/produit\/studio-l-rack-17u-media-oak\/","title":{"rendered":"Studio L-Rack 17U Media oak"},"content":{"rendered":"<p>Support m\u00e9dia 17 U, d\u00e9cor ch\u00eane<br \/>\n17 U hauteur utile \u00e0 l&rsquo;avant<br \/>\n11 U hauteur utile \u00e0 l&rsquo;arri\u00e8re<br \/>\n11 U profondeur utile en haut<br \/>\n54 cm de profondeur d&rsquo;installation<br \/>\nMat\u00e9riau : panneau de meuble m\u00e9lamin\u00e9 de 19 mm<br \/>\navec pied de meuble<br \/>\n4 rouleaux de 80 mm sous la base<br \/>\nVolet roulant verrouillable en design aluminium \u00e0 l&rsquo;avant<br \/>\ngrande trappe de service verrouillable \u00e0 l&rsquo;arri\u00e8re<br \/>\nEntr\u00e9e de c\u00e2ble de 80 mm des deux c\u00f4t\u00e9s<br \/>\nCouleur : ch\u00eane<br \/>\nPoign\u00e9es pliantes, d&rsquo;autres couleurs et tailles \u00e9galement disponibles moyennant un suppl\u00e9ment (modifications facultatives possibles selon les exigences du client),<br \/>\ny compris jeu de vis<br \/>\nFabriqu\u00e9 en Allemagne<br \/>\nDimensions ext\u00e9rieures (L x P x H) : 54 x 66 x 112 cm<br \/>\nPoids : 44kg<\/p>\n","protected":false},"excerpt":{"rendered":"<p>Support m\u00e9dia 17 U, d\u00e9cor ch\u00eane | 54 cm de profondeur d&rsquo;installation | Fabriqu\u00e9 en Allemagne<\/p>\n","protected":false},"featured_media":217732,"template":"","meta":{"_acf_changed":false},"product_brand":[],"product_cat":[15446],"product_tag":[],"class_list":{"0":"post-217763","1":"product","2":"type-product","3":"status-publish","4":"has-post-thumbnail","6":"product_cat-studio-equipment-utilisation","8":"first","9":"instock","10":"taxable","11":"shipping-taxable","12":"purchasable","13":"product-type-simple"},"acf":[],"_links":{"self":[{"href":"https:\/\/megacase.com\/fr\/wp-json\/wp\/v2\/product\/217763","targetHints":{"allow":["GET"]}}],"collection":[{"href":"https:\/\/megacase.com\/fr\/wp-json\/wp\/v2\/product"}],"about":[{"href":"https:\/\/megacase.com\/fr\/wp-json\/wp\/v2\/types\/product"}],"wp:featuredmedia":[{"embeddable":true,"href":"https:\/\/megacase.com\/fr\/wp-json\/wp\/v2\/media\/217732"}],"wp:attachment":[{"href":"https:\/\/megacase.com\/fr\/wp-json\/wp\/v2\/media?parent=217763"}],"wp:term":[{"taxonomy":"product_brand","embeddable":true,"href":"https:\/\/megacase.com\/fr\/wp-json\/wp\/v2\/product_brand?post=217763"},{"taxonomy":"product_cat","embeddable":true,"href":"https:\/\/megacase.com\/fr\/wp-json\/wp\/v2\/product_cat?post=217763"},{"taxonomy":"product_tag","embeddable":true,"href":"https:\/\/megacase.com\/fr\/wp-json\/wp\/v2\/product_tag?post=217763"}],"curies":[{"name":"wp","href":"https:\/\/api.w.org\/{rel}","templated":true}]}}