{"id":217687,"date":"2021-06-07T15:28:28","date_gmt":"2021-06-07T13:28:28","guid":{"rendered":"https:\/\/megacase.com\/product\/flightcase-dynaudio-bm15a-2in1-wheel\/"},"modified":"2026-03-26T13:09:17","modified_gmt":"2026-03-26T12:09:17","slug":"flightcase-dynaudio-bm15a-2in1-wheel","status":"publish","type":"product","link":"https:\/\/megacase.com\/fr\/produit\/flightcase-dynaudio-bm15a-2in1-wheel\/","title":{"rendered":"Flightcase Dynaudio BM15A 2in1 + wheel"},"content":{"rendered":"<h3>\u00c9tui \u00e0 capot<\/h3>\n<p>Bo\u00eete de vol correspondante pour deux boxes de moniteur Dynaudio BM15A<br \/>\n\u00e0 partir de 6,8 mm de r\u00e9sine ph\u00e9nolique multiplex de bouleau enrob\u00e9<br \/>\nCouleur marron<br \/>\n30 x 30mm Alukante<br \/>\n2 papillon attrape grand<br \/>\n2 poign\u00e9es pliantes moyennes<br \/>\n8 coins de la balle moyenne<br \/>\nRembourrage en mousse<br \/>\n4 roulettes 100 mm 2 avec freins<br \/>\n2 compartiments pour un haut-parleur Dynaudio BM15A<br \/>\nFabriqu\u00e9 en Allemagne<br \/>\nDimensions ext\u00e9rieures WXDXH environ.: 910 x 365 x 674 mm<br \/>\nPoids env. 20,6 kg<\/p>\n","protected":false},"excerpt":{"rendered":"<p>Bo\u00eete de vol correspondante pour deux boxes de moniteur Dynaudio BM15A | Fabriqu\u00e9 en Allemagne<\/p>\n","protected":false},"featured_media":217640,"template":"","meta":{"_acf_changed":false},"product_brand":[],"product_cat":[15152],"product_tag":[],"class_list":{"0":"post-217687","1":"product","2":"type-product","3":"status-publish","4":"has-post-thumbnail","6":"product_cat-audio-utilisation","8":"first","9":"instock","10":"taxable","11":"shipping-taxable","12":"purchasable","13":"product-type-simple"},"acf":[],"_links":{"self":[{"href":"https:\/\/megacase.com\/fr\/wp-json\/wp\/v2\/product\/217687","targetHints":{"allow":["GET"]}}],"collection":[{"href":"https:\/\/megacase.com\/fr\/wp-json\/wp\/v2\/product"}],"about":[{"href":"https:\/\/megacase.com\/fr\/wp-json\/wp\/v2\/types\/product"}],"wp:featuredmedia":[{"embeddable":true,"href":"https:\/\/megacase.com\/fr\/wp-json\/wp\/v2\/media\/217640"}],"wp:attachment":[{"href":"https:\/\/megacase.com\/fr\/wp-json\/wp\/v2\/media?parent=217687"}],"wp:term":[{"taxonomy":"product_brand","embeddable":true,"href":"https:\/\/megacase.com\/fr\/wp-json\/wp\/v2\/product_brand?post=217687"},{"taxonomy":"product_cat","embeddable":true,"href":"https:\/\/megacase.com\/fr\/wp-json\/wp\/v2\/product_cat?post=217687"},{"taxonomy":"product_tag","embeddable":true,"href":"https:\/\/megacase.com\/fr\/wp-json\/wp\/v2\/product_tag?post=217687"}],"curies":[{"name":"wp","href":"https:\/\/api.w.org\/{rel}","templated":true}]}}