{"id":217633,"date":"2021-06-07T15:13:46","date_gmt":"2021-06-07T13:13:46","guid":{"rendered":"https:\/\/megacase.com\/product\/accessory-case-530x360x450\/"},"modified":"2026-03-26T13:09:17","modified_gmt":"2026-03-26T12:09:17","slug":"accessory-case-530x360x450","status":"publish","type":"product","link":"https:\/\/megacase.com\/fr\/produit\/accessory-case-530x360x450\/","title":{"rendered":"Accessory Case 530x360x450"},"content":{"rendered":"<p>Flightcase avec les stagiaires Dimensions de 530 x 360 x 450 mm avec roues d&rsquo;angle<br \/>\net poign\u00e9e tranch\u00e9e<br \/>\nFabriqu\u00e9 en plastique en plastique en nid d&rsquo;abeille de haute qualit\u00e9 de 6,8 mm<br \/>\nLa couleur noire<br \/>\n30 x 30 mm d&rsquo;aluminium<br \/>\n2 papillons captures de papier avec oeillet<br \/>\n2 poign\u00e9es pliantes moyennes<br \/>\n6 coins plats<br \/>\n2 charni\u00e8res de couvercle<br \/>\n4 pieds en caoutchouc 38 x 33 mm<br \/>\n2 pieds en caoutchouc 38 x 25 mm<br \/>\n1 poign\u00e9e de tirage<br \/>\n2 roulettes d&rsquo;angle 48 mm<br \/>\nRembourrage en mousse de 10mm<br \/>\nFabriqu\u00e9 en Allemagne<br \/>\nDimensions ext\u00e9rieures WXDXH environ.: 605 x 425 x 573 mm<br \/>\nPoids env. 9,5 kg<\/p>\n","protected":false},"excerpt":{"rendered":"<p>Flightcase avec les stagiaires Dimensions de 530 x 360 x 450 mm avec roues d&rsquo;angle<br \/>\net poign\u00e9e tranch\u00e9e | Fabriqu\u00e9 en Allemagne<\/p>\n","protected":false},"featured_media":217626,"template":"","meta":{"_acf_changed":false},"product_brand":[],"product_cat":[13693,13755],"product_tag":[],"class_list":{"0":"post-217633","1":"product","2":"type-product","3":"status-publish","4":"has-post-thumbnail","6":"product_cat-truhen-cases-fr","7":"product_cat-universal-flightcases-fr","9":"first","10":"instock","11":"taxable","12":"shipping-taxable","13":"purchasable","14":"product-type-simple"},"acf":[],"_links":{"self":[{"href":"https:\/\/megacase.com\/fr\/wp-json\/wp\/v2\/product\/217633","targetHints":{"allow":["GET"]}}],"collection":[{"href":"https:\/\/megacase.com\/fr\/wp-json\/wp\/v2\/product"}],"about":[{"href":"https:\/\/megacase.com\/fr\/wp-json\/wp\/v2\/types\/product"}],"wp:featuredmedia":[{"embeddable":true,"href":"https:\/\/megacase.com\/fr\/wp-json\/wp\/v2\/media\/217626"}],"wp:attachment":[{"href":"https:\/\/megacase.com\/fr\/wp-json\/wp\/v2\/media?parent=217633"}],"wp:term":[{"taxonomy":"product_brand","embeddable":true,"href":"https:\/\/megacase.com\/fr\/wp-json\/wp\/v2\/product_brand?post=217633"},{"taxonomy":"product_cat","embeddable":true,"href":"https:\/\/megacase.com\/fr\/wp-json\/wp\/v2\/product_cat?post=217633"},{"taxonomy":"product_tag","embeddable":true,"href":"https:\/\/megacase.com\/fr\/wp-json\/wp\/v2\/product_tag?post=217633"}],"curies":[{"name":"wp","href":"https:\/\/api.w.org\/{rel}","templated":true}]}}