{"id":217512,"date":"2015-11-18T00:00:00","date_gmt":"2015-11-17T23:00:00","guid":{"rendered":"https:\/\/megacase.com\/product\/haube-fuer-moog-taurus-bass-pedal\/"},"modified":"2026-03-26T12:21:38","modified_gmt":"2026-03-26T11:21:38","slug":"haube-fuer-moog-taurus-bass-pedal","status":"publish","type":"product","link":"https:\/\/megacase.com\/fr\/produit\/haube-fuer-moog-taurus-bass-pedal\/","title":{"rendered":"Flightcase Moog Taurus (Bass Pedal)"},"content":{"rendered":"<p>Housse de capot assortie pour une p\u00e9dale de basse Moog Taurus<br \/>\nEnduit de r\u00e9sine ph\u00e9nolique multiplex de bouleau de 6,8 mm<br \/>\nCouleur marron<br \/>\nBord en aluminium 25&#215;25 mm<br \/>\n2 serrure papillon moyenne<br \/>\n1 poign\u00e9e de sangle<br \/>\nCoin 8 boules moyen<br \/>\n4 pieds en caoutchouc 38&#215;20 mm<br \/>\nRembourrage en mousse dans le couvercle<br \/>\nTravaux d&rsquo;int\u00e9rieur<br \/>\nL&rsquo;appareil peut \u00eatre utilis\u00e9 dans la partie inf\u00e9rieure<br \/>\nFabriqu\u00e9 en Allemagne<br \/>\nDimensions ext\u00e9rieures : LxPxH 695x595x355 mm<br \/>\nPoids : 11,7 kg<\/p>\n","protected":false},"excerpt":{"rendered":"<p>Housse de capot assortie pour une p\u00e9dale de basse Moog Taurus | L&rsquo;appareil peut \u00eatre utilis\u00e9 dans la partie inf\u00e9rieure | Fabriqu\u00e9 en Allemagne<\/p>\n","protected":false},"featured_media":217553,"template":"","meta":{"_acf_changed":false},"product_brand":[],"product_cat":[15829],"product_tag":[],"class_list":{"0":"post-217512","1":"product","2":"type-product","3":"status-publish","4":"has-post-thumbnail","6":"product_cat-pedalcase-guitar-bass-cases-utilisation","8":"first","9":"instock","10":"taxable","11":"shipping-taxable","12":"purchasable","13":"product-type-simple"},"acf":[],"_links":{"self":[{"href":"https:\/\/megacase.com\/fr\/wp-json\/wp\/v2\/product\/217512","targetHints":{"allow":["GET"]}}],"collection":[{"href":"https:\/\/megacase.com\/fr\/wp-json\/wp\/v2\/product"}],"about":[{"href":"https:\/\/megacase.com\/fr\/wp-json\/wp\/v2\/types\/product"}],"wp:featuredmedia":[{"embeddable":true,"href":"https:\/\/megacase.com\/fr\/wp-json\/wp\/v2\/media\/217553"}],"wp:attachment":[{"href":"https:\/\/megacase.com\/fr\/wp-json\/wp\/v2\/media?parent=217512"}],"wp:term":[{"taxonomy":"product_brand","embeddable":true,"href":"https:\/\/megacase.com\/fr\/wp-json\/wp\/v2\/product_brand?post=217512"},{"taxonomy":"product_cat","embeddable":true,"href":"https:\/\/megacase.com\/fr\/wp-json\/wp\/v2\/product_cat?post=217512"},{"taxonomy":"product_tag","embeddable":true,"href":"https:\/\/megacase.com\/fr\/wp-json\/wp\/v2\/product_tag?post=217512"}],"curies":[{"name":"wp","href":"https:\/\/api.w.org\/{rel}","templated":true}]}}