{"id":217334,"date":"2021-05-27T16:55:04","date_gmt":"2021-05-27T14:55:04","guid":{"rendered":"https:\/\/megacase.com\/product\/case-behringer-xenyx-x2442-usb\/"},"modified":"2026-03-26T13:09:17","modified_gmt":"2026-03-26T12:09:17","slug":"case-behringer-xenyx-x2442-usb","status":"publish","type":"product","link":"https:\/\/megacase.com\/fr\/produit\/case-behringer-xenyx-x2442-usb\/","title":{"rendered":"Case Behringer Xenyx X2442 USB"},"content":{"rendered":"<p>\u00c9tui de capot assorti pour un Behringer Xenyx X2442 USB<br \/>\nRev\u00eatu de r\u00e9sine ph\u00e9nolique multiplex de bouleau de 6,8 mm<br \/>\nCouleur marron<br \/>\nBord en aluminium 25 x 25 mm<br \/>\n2 \u00e9cluses papillon moyen<br \/>\n1 poign\u00e9e pliante, moyenne<br \/>\n8 coins de boule moyen<br \/>\n4 pieds en caoutchouc 38 x 20 mm<br \/>\nL&rsquo;appareil peut \u00eatre utilis\u00e9 dans la partie inf\u00e9rieure<br \/>\nRembourrage en mousse<br \/>\nFabriqu\u00e9 en Allemagne<br \/>\nDimensions ext\u00e9rieures LxPxH env.: 527 x 574 x 237 mm<br \/>\nPoids env.: 7,8 kg<\/p>\n","protected":false},"excerpt":{"rendered":"<p>\u00c9tui de capot assorti pour un Behringer Xenyx X2442 USB | L&rsquo;appareil peut \u00eatre utilis\u00e9 dans la partie inf\u00e9rieure | Fabriqu\u00e9 en Allemagne<\/p>\n","protected":false},"featured_media":217291,"template":"","meta":{"_acf_changed":false},"product_brand":[],"product_cat":[13828],"product_tag":[],"class_list":{"0":"post-217334","1":"product","2":"type-product","3":"status-publish","4":"has-post-thumbnail","6":"product_cat-mischpult-cases-fr","8":"first","9":"instock","10":"taxable","11":"shipping-taxable","12":"purchasable","13":"product-type-simple"},"acf":[],"_links":{"self":[{"href":"https:\/\/megacase.com\/fr\/wp-json\/wp\/v2\/product\/217334","targetHints":{"allow":["GET"]}}],"collection":[{"href":"https:\/\/megacase.com\/fr\/wp-json\/wp\/v2\/product"}],"about":[{"href":"https:\/\/megacase.com\/fr\/wp-json\/wp\/v2\/types\/product"}],"wp:featuredmedia":[{"embeddable":true,"href":"https:\/\/megacase.com\/fr\/wp-json\/wp\/v2\/media\/217291"}],"wp:attachment":[{"href":"https:\/\/megacase.com\/fr\/wp-json\/wp\/v2\/media?parent=217334"}],"wp:term":[{"taxonomy":"product_brand","embeddable":true,"href":"https:\/\/megacase.com\/fr\/wp-json\/wp\/v2\/product_brand?post=217334"},{"taxonomy":"product_cat","embeddable":true,"href":"https:\/\/megacase.com\/fr\/wp-json\/wp\/v2\/product_cat?post=217334"},{"taxonomy":"product_tag","embeddable":true,"href":"https:\/\/megacase.com\/fr\/wp-json\/wp\/v2\/product_tag?post=217334"}],"curies":[{"name":"wp","href":"https:\/\/api.w.org\/{rel}","templated":true}]}}