{"id":217277,"date":"2021-05-27T16:46:54","date_gmt":"2021-05-27T14:46:54","guid":{"rendered":"https:\/\/megacase.com\/product\/flightcase-grandma3-onpc-fader-wing\/"},"modified":"2026-03-26T13:09:18","modified_gmt":"2026-03-26T12:09:18","slug":"flightcase-grandma3-onpc-fader-wing","status":"publish","type":"product","link":"https:\/\/megacase.com\/fr\/produit\/flightcase-grandma3-onpc-fader-wing\/","title":{"rendered":"Flightcase GrandMA3 onPC Fader Wing"},"content":{"rendered":"<h3>\u00c9tui \u00e0 capot<\/h3>\n<p>\u00c9tui de capot assorti pour une grandMA3 ONPC Fader wing<br \/>\n\u00e0 partir de 6,8 mm Multiplex enrob\u00e9<br \/>\nLa couleur noire<br \/>\nEchiv\u00e9es en aluminium de 25 x 25 mm<br \/>\n4 fermetures de papillons<br \/>\n1 poign\u00e9e en cuir<br \/>\n8 coins de la balle moyenne<br \/>\n4 pieds en caoutchouc 25 x 15 mm<br \/>\nRembourrage en mousse<br \/>\nL&rsquo;appareil peut \u00eatre utilis\u00e9 dans la partie inf\u00e9rieure<br \/>\nSi\u00e8ge arri\u00e8re pour c\u00e2ble<br \/>\nFabriqu\u00e9 en Allemagne<br \/>\nSignes ext\u00e9rieures BXTXH env.: 312 x 610 x 184 mm<br \/>\nPoids env.: 5,7 kg<\/p>\n","protected":false},"excerpt":{"rendered":"<p>\u00c9tui de capot assorti pour une grandMA3 ONPC Fader wing | Fabriqu\u00e9 en Allemagne<\/p>\n","protected":false},"featured_media":268587,"template":"","meta":{"_acf_changed":false},"product_brand":[],"product_cat":[13828],"product_tag":[],"class_list":{"0":"post-217277","1":"product","2":"type-product","3":"status-publish","4":"has-post-thumbnail","6":"product_cat-mischpult-cases-fr","8":"first","9":"instock","10":"taxable","11":"shipping-taxable","12":"purchasable","13":"product-type-simple"},"acf":[],"_links":{"self":[{"href":"https:\/\/megacase.com\/fr\/wp-json\/wp\/v2\/product\/217277","targetHints":{"allow":["GET"]}}],"collection":[{"href":"https:\/\/megacase.com\/fr\/wp-json\/wp\/v2\/product"}],"about":[{"href":"https:\/\/megacase.com\/fr\/wp-json\/wp\/v2\/types\/product"}],"wp:featuredmedia":[{"embeddable":true,"href":"https:\/\/megacase.com\/fr\/wp-json\/wp\/v2\/media\/268587"}],"wp:attachment":[{"href":"https:\/\/megacase.com\/fr\/wp-json\/wp\/v2\/media?parent=217277"}],"wp:term":[{"taxonomy":"product_brand","embeddable":true,"href":"https:\/\/megacase.com\/fr\/wp-json\/wp\/v2\/product_brand?post=217277"},{"taxonomy":"product_cat","embeddable":true,"href":"https:\/\/megacase.com\/fr\/wp-json\/wp\/v2\/product_cat?post=217277"},{"taxonomy":"product_tag","embeddable":true,"href":"https:\/\/megacase.com\/fr\/wp-json\/wp\/v2\/product_tag?post=217277"}],"curies":[{"name":"wp","href":"https:\/\/api.w.org\/{rel}","templated":true}]}}