{"id":217216,"date":"2021-05-27T16:32:38","date_gmt":"2021-05-27T14:32:38","guid":{"rendered":"https:\/\/megacase.com\/product\/flighcase-adamson-s10p-incl-frame\/"},"modified":"2026-03-26T13:09:18","modified_gmt":"2026-03-26T12:09:18","slug":"flighcase-adamson-s10p-incl-frame","status":"publish","type":"product","link":"https:\/\/megacase.com\/fr\/produit\/flighcase-adamson-s10p-incl-frame\/","title":{"rendered":"Flighcase Adamson S10P incl. Frame"},"content":{"rendered":"<h3>Cas de capot<\/h3>\n<p>Bo\u00eetier de capot assorti pour une enceinte Adamson S10P avec support 934-0037<br \/>\nen contreplaqu\u00e9 de bouleau de 6,8 mm rev\u00eatu<br \/>\nCouleur: <a href=\"https:\/\/megacase.com\/fr\/farben-beschichtungen\/\">librement s\u00e9lectionnable<\/a><br \/>\nBord en aluminium 30 x 30 mm<br \/>\n4 cadenas papillon, moyen<br \/>\n2 poign\u00e9es pliantes moyennes<br \/>\n8 coins sph\u00e9riques moyens<br \/>\nRembourrage en mousse<br \/>\nCompartiment de 10 cm pour accessoires<br \/>\nFabriqu\u00e9 en Allemagne<br \/>\nDimensions ext\u00e9rieures LxPxH env.: 955 x 400 x 545 mm<br \/>\nPoids env.: 19,5 kg<\/p>\n<h4>Si vous commandez, veuillez sp\u00e9cifier la couleur d\u00e9sir\u00e9e dans le champ de commentaire<\/h4>\n","protected":false},"excerpt":{"rendered":"<p>Bo\u00eetier de capot assorti pour une enceinte Adamson S10P avec support 934-0037 | Fabriqu\u00e9 en Allemagne<\/p>\n","protected":false},"featured_media":217213,"template":"","meta":{"_acf_changed":false},"product_brand":[],"product_cat":[15152],"product_tag":[],"class_list":{"0":"post-217216","1":"product","2":"type-product","3":"status-publish","4":"has-post-thumbnail","6":"product_cat-audio-utilisation","8":"first","9":"instock","10":"taxable","11":"shipping-taxable","12":"purchasable","13":"product-type-simple"},"acf":[],"_links":{"self":[{"href":"https:\/\/megacase.com\/fr\/wp-json\/wp\/v2\/product\/217216","targetHints":{"allow":["GET"]}}],"collection":[{"href":"https:\/\/megacase.com\/fr\/wp-json\/wp\/v2\/product"}],"about":[{"href":"https:\/\/megacase.com\/fr\/wp-json\/wp\/v2\/types\/product"}],"wp:featuredmedia":[{"embeddable":true,"href":"https:\/\/megacase.com\/fr\/wp-json\/wp\/v2\/media\/217213"}],"wp:attachment":[{"href":"https:\/\/megacase.com\/fr\/wp-json\/wp\/v2\/media?parent=217216"}],"wp:term":[{"taxonomy":"product_brand","embeddable":true,"href":"https:\/\/megacase.com\/fr\/wp-json\/wp\/v2\/product_brand?post=217216"},{"taxonomy":"product_cat","embeddable":true,"href":"https:\/\/megacase.com\/fr\/wp-json\/wp\/v2\/product_cat?post=217216"},{"taxonomy":"product_tag","embeddable":true,"href":"https:\/\/megacase.com\/fr\/wp-json\/wp\/v2\/product_tag?post=217216"}],"curies":[{"name":"wp","href":"https:\/\/api.w.org\/{rel}","templated":true}]}}