{"id":217118,"date":"2021-05-27T15:33:08","date_gmt":"2021-05-27T13:33:08","guid":{"rendered":"https:\/\/megacase.com\/product\/flightcase-elation-tvl-panel-dw-4in1\/"},"modified":"2026-03-26T13:09:19","modified_gmt":"2026-03-26T12:09:19","slug":"flightcase-elation-tvl-panel-dw-4in1","status":"publish","type":"product","link":"https:\/\/megacase.com\/fr\/produit\/flightcase-elation-tvl-panel-dw-4in1\/","title":{"rendered":"Flightcase Elation TVL Panel DW 4in1"},"content":{"rendered":"<h3>Flightcase auf Truckma\u00df<\/h3>\n<p>\u00c9tui de poitrine assorti pour 4x Elation TVL Panel DW<br \/>\nRev\u00eatu de r\u00e9sine ph\u00e9nolique multiplex de bouleau de 9 mm<br \/>\nCouleur marron<br \/>\nBord en aluminium 30 x 30 mm<br \/>\n2 cadenas papillon, moyen<br \/>\n8 poign\u00e9es pliantes, moyennes<br \/>\n8 coins de boule grands<br \/>\n2 charni\u00e8res de couvercle dans la coque avec \u00ab\u00a0fonction clic\u00a0\u00bb<br \/>\n5 charni\u00e8res 6 trous<br \/>\n1 bol d&rsquo;\u00e9tiquettes de tourn\u00e9e dans le couvercle<br \/>\n4 roulettes pivotantes, dont 2 frein\u00e9es<br \/>\nSubdivision de compartiment pour 4 Elation TVL Panel DW<br \/>\nCompartiment \u00e0 accessoires de 11 cm de large \u00e0 droite<br \/>\nRembourrage en mousse<br \/>\nFabriqu\u00e9 en Allemagne<br \/>\nDimensions ext\u00e9rieures LxPxH env.: 905 x 605 x 885 mm<br \/>\nPoids env.: 50 kg<\/p>\n","protected":false},"excerpt":{"rendered":"<p>\u00c9tui de poitrine assorti pour 4x Elation TVL Panel DW | Compartiment \u00e0 accessoires de 11 cm de large \u00e0 droite | Fabriqu\u00e9 en Allemagne<\/p>\n","protected":false},"featured_media":217079,"template":"","meta":{"_acf_changed":false},"product_brand":[],"product_cat":[15423],"product_tag":[],"class_list":{"0":"post-217118","1":"product","2":"type-product","3":"status-publish","4":"has-post-thumbnail","6":"product_cat-light-equipment-case-utilisation","8":"first","9":"instock","10":"taxable","11":"shipping-taxable","12":"purchasable","13":"product-type-simple"},"acf":[],"_links":{"self":[{"href":"https:\/\/megacase.com\/fr\/wp-json\/wp\/v2\/product\/217118","targetHints":{"allow":["GET"]}}],"collection":[{"href":"https:\/\/megacase.com\/fr\/wp-json\/wp\/v2\/product"}],"about":[{"href":"https:\/\/megacase.com\/fr\/wp-json\/wp\/v2\/types\/product"}],"wp:featuredmedia":[{"embeddable":true,"href":"https:\/\/megacase.com\/fr\/wp-json\/wp\/v2\/media\/217079"}],"wp:attachment":[{"href":"https:\/\/megacase.com\/fr\/wp-json\/wp\/v2\/media?parent=217118"}],"wp:term":[{"taxonomy":"product_brand","embeddable":true,"href":"https:\/\/megacase.com\/fr\/wp-json\/wp\/v2\/product_brand?post=217118"},{"taxonomy":"product_cat","embeddable":true,"href":"https:\/\/megacase.com\/fr\/wp-json\/wp\/v2\/product_cat?post=217118"},{"taxonomy":"product_tag","embeddable":true,"href":"https:\/\/megacase.com\/fr\/wp-json\/wp\/v2\/product_tag?post=217118"}],"curies":[{"name":"wp","href":"https:\/\/api.w.org\/{rel}","templated":true}]}}