{"id":216840,"date":"2017-05-18T16:02:39","date_gmt":"2017-05-18T14:02:39","guid":{"rendered":"https:\/\/megacase.com\/product\/flighttruhencase-laenge-140cm-hoehe-30cm-tiefe-25cm\/"},"modified":"2021-05-17T16:27:11","modified_gmt":"2021-05-17T14:27:11","slug":"flighttruhencase-laenge-140cm-hoehe-30cm-tiefe-25cm","status":"publish","type":"product","link":"https:\/\/megacase.com\/fr\/produit\/flighttruhencase-laenge-140cm-hoehe-30cm-tiefe-25cm\/","title":{"rendered":"Accessory Case 140x25x30"},"content":{"rendered":"<h2><span class=\"VIiyi\" lang=\"fr\"><span class=\"JLqJ4b ChMk0b\" data-language-for-alternatives=\"fr\" data-language-to-translate-into=\"de\" data-phrase-index=\"0\">Coffre d&rsquo;accessoires<\/span><\/span><\/h2>\n<p>Coffre de poitrine avec des dimensions internes de 1400 x 250 x 300 mm LxPxH<br \/>\nRev\u00eatu de r\u00e9sine ph\u00e9nolique multiplex de bouleau de 6,8 mm<br \/>\nCouleur marron<br \/>\nBord en aluminium 25 x 25 mm<br \/>\n2 \u00e9cluses papillon moyennes<br \/>\n2 poign\u00e9es pliantes moyennes<br \/>\n4 charni\u00e8res verrouillables<br \/>\n8 coins de boule moyen<br \/>\n4 roulettes pivotantes 75 mm , dont 2 frein\u00e9es<br \/>\nDoublure en feutre<br \/>\nFabriqu\u00e9 en Allemagne<br \/>\nDimensions ext\u00e9rieures LxPxH env.:<br \/>\nPoids env.:<\/p>\n","protected":false},"excerpt":{"rendered":"<p>Coffre de poitrine avec des dimensions internes de 1400 x 250 x 300 mm LxPxH | Fabriqu\u00e9 en Allemagne<\/p>\n","protected":false},"featured_media":47510,"template":"","meta":{"_acf_changed":false},"product_brand":[],"product_cat":[13693],"product_tag":[],"class_list":{"0":"post-216840","1":"product","2":"type-product","3":"status-publish","4":"has-post-thumbnail","6":"product_cat-truhen-cases-fr","8":"first","9":"instock","10":"taxable","11":"shipping-taxable","12":"purchasable","13":"product-type-simple"},"acf":[],"_links":{"self":[{"href":"https:\/\/megacase.com\/fr\/wp-json\/wp\/v2\/product\/216840","targetHints":{"allow":["GET"]}}],"collection":[{"href":"https:\/\/megacase.com\/fr\/wp-json\/wp\/v2\/product"}],"about":[{"href":"https:\/\/megacase.com\/fr\/wp-json\/wp\/v2\/types\/product"}],"wp:featuredmedia":[{"embeddable":true,"href":"https:\/\/megacase.com\/fr\/wp-json\/wp\/v2\/media\/47510"}],"wp:attachment":[{"href":"https:\/\/megacase.com\/fr\/wp-json\/wp\/v2\/media?parent=216840"}],"wp:term":[{"taxonomy":"product_brand","embeddable":true,"href":"https:\/\/megacase.com\/fr\/wp-json\/wp\/v2\/product_brand?post=216840"},{"taxonomy":"product_cat","embeddable":true,"href":"https:\/\/megacase.com\/fr\/wp-json\/wp\/v2\/product_cat?post=216840"},{"taxonomy":"product_tag","embeddable":true,"href":"https:\/\/megacase.com\/fr\/wp-json\/wp\/v2\/product_tag?post=216840"}],"curies":[{"name":"wp","href":"https:\/\/api.w.org\/{rel}","templated":true}]}}