{"id":216805,"date":"2021-05-14T14:27:18","date_gmt":"2021-05-14T12:27:18","guid":{"rendered":"https:\/\/megacase.com\/product\/pedalcase-zoom-g6\/"},"modified":"2026-03-26T13:09:19","modified_gmt":"2026-03-26T12:09:19","slug":"pedalcase-zoom-g6","status":"publish","type":"product","link":"https:\/\/megacase.com\/fr\/produit\/pedalcase-zoom-g6\/","title":{"rendered":"Pedalcase Zoom G6"},"content":{"rendered":"<p>Clouches<\/p>\n<p>\u00c9tui de p\u00e9dale assorti pour un Zoom G6<br \/>\nHousse de capot pour p\u00e9dale multi-effets Zoom G6.<br \/>\nEnduit de r\u00e9sine ph\u00e9nolique multiplex de bouleau de 6,8 mm<br \/>\nCouleur marron<br \/>\nBord en aluminium 22&#215;22 mm<br \/>\n2 serrures papillon mini<br \/>\n1 poign\u00e9e de valise,<br \/>\n8 petits coins \u00e0 billes en acier<br \/>\n4 pieds en caoutchouc 38&#215;10 mm<br \/>\nRembourrage en mousse<br \/>\nEspace de 10 cm \u00e0 l&rsquo;arri\u00e8re<br \/>\nConnexions librement accessibles<br \/>\nL&rsquo;appareil peut \u00eatre utilis\u00e9 dans la partie inf\u00e9rieure<br \/>\nFabriqu\u00e9 en Allemagne<br \/>\nDimensions ext\u00e9rieures LxPxH env.: 485x375x130<br \/>\nPoids environ 3,9 kg<\/p>\n","protected":false},"excerpt":{"rendered":"<p>\u00c9tui de p\u00e9dale assorti pour un Zoom G6 | L&rsquo;appareil peut \u00eatre utilis\u00e9 dans la partie inf\u00e9rieure | Fabriqu\u00e9 en Allemagne<\/p>\n","protected":false},"featured_media":216798,"template":"","meta":{"_acf_changed":false},"product_brand":[],"product_cat":[15829],"product_tag":[],"class_list":{"0":"post-216805","1":"product","2":"type-product","3":"status-publish","4":"has-post-thumbnail","6":"product_cat-pedalcase-guitar-bass-cases-utilisation","8":"first","9":"instock","10":"taxable","11":"shipping-taxable","12":"purchasable","13":"product-type-simple"},"acf":[],"_links":{"self":[{"href":"https:\/\/megacase.com\/fr\/wp-json\/wp\/v2\/product\/216805","targetHints":{"allow":["GET"]}}],"collection":[{"href":"https:\/\/megacase.com\/fr\/wp-json\/wp\/v2\/product"}],"about":[{"href":"https:\/\/megacase.com\/fr\/wp-json\/wp\/v2\/types\/product"}],"wp:featuredmedia":[{"embeddable":true,"href":"https:\/\/megacase.com\/fr\/wp-json\/wp\/v2\/media\/216798"}],"wp:attachment":[{"href":"https:\/\/megacase.com\/fr\/wp-json\/wp\/v2\/media?parent=216805"}],"wp:term":[{"taxonomy":"product_brand","embeddable":true,"href":"https:\/\/megacase.com\/fr\/wp-json\/wp\/v2\/product_brand?post=216805"},{"taxonomy":"product_cat","embeddable":true,"href":"https:\/\/megacase.com\/fr\/wp-json\/wp\/v2\/product_cat?post=216805"},{"taxonomy":"product_tag","embeddable":true,"href":"https:\/\/megacase.com\/fr\/wp-json\/wp\/v2\/product_tag?post=216805"}],"curies":[{"name":"wp","href":"https:\/\/api.w.org\/{rel}","templated":true}]}}