{"id":216546,"date":"2021-05-12T12:46:54","date_gmt":"2021-05-12T10:46:54","guid":{"rendered":"https:\/\/megacase.com\/product\/zubehoercase-38x30x28\/"},"modified":"2026-03-26T13:09:20","modified_gmt":"2026-03-26T12:09:20","slug":"zubehoercase-38x30x28","status":"publish","type":"product","link":"https:\/\/megacase.com\/fr\/produit\/zubehoercase-38x30x28\/","title":{"rendered":"Zubeh\u00f6rcase 38x30x28"},"content":{"rendered":"<h2>\u00c9tui robuste pour les accessoires et plus encore<\/h2>\n<p>Rev\u00eatu de r\u00e9sine ph\u00e9nolique multiplex de bouleau de 6,8 mm<br \/>\nCouleur marron<br \/>\nBord en aluminium 22&#215;22 mm<br \/>\n1 poign\u00e9e de valise<br \/>\n1 verrou \u00e0 pression<br \/>\n2 charni\u00e8res verrouillables<br \/>\n8 petits coins sph\u00e9riques<br \/>\nFabriqu\u00e9 en Allemagne<br \/>\nDimensions int\u00e9rieures LxPxH env.: 316 x 416 x 350 mm<br \/>\nDimensions ext\u00e9rieures LxPxH env.: 384 x 284 x 305 mm<br \/>\nPoids: 4,6 kg<\/p>\n","protected":false},"excerpt":{"rendered":"<p>Rev\u00eatu de r\u00e9sine ph\u00e9nolique multiplex de bouleau de 6,8 mm | Fabriqu\u00e9 en Allemagne<\/p>\n","protected":false},"featured_media":216538,"template":"","meta":{"_acf_changed":false},"product_brand":[],"product_cat":[13755],"product_tag":[],"class_list":{"0":"post-216546","1":"product","2":"type-product","3":"status-publish","4":"has-post-thumbnail","6":"product_cat-universal-flightcases-fr","8":"first","9":"instock","10":"taxable","11":"shipping-taxable","12":"purchasable","13":"product-type-simple"},"acf":[],"_links":{"self":[{"href":"https:\/\/megacase.com\/fr\/wp-json\/wp\/v2\/product\/216546","targetHints":{"allow":["GET"]}}],"collection":[{"href":"https:\/\/megacase.com\/fr\/wp-json\/wp\/v2\/product"}],"about":[{"href":"https:\/\/megacase.com\/fr\/wp-json\/wp\/v2\/types\/product"}],"wp:featuredmedia":[{"embeddable":true,"href":"https:\/\/megacase.com\/fr\/wp-json\/wp\/v2\/media\/216538"}],"wp:attachment":[{"href":"https:\/\/megacase.com\/fr\/wp-json\/wp\/v2\/media?parent=216546"}],"wp:term":[{"taxonomy":"product_brand","embeddable":true,"href":"https:\/\/megacase.com\/fr\/wp-json\/wp\/v2\/product_brand?post=216546"},{"taxonomy":"product_cat","embeddable":true,"href":"https:\/\/megacase.com\/fr\/wp-json\/wp\/v2\/product_cat?post=216546"},{"taxonomy":"product_tag","embeddable":true,"href":"https:\/\/megacase.com\/fr\/wp-json\/wp\/v2\/product_tag?post=216546"}],"curies":[{"name":"wp","href":"https:\/\/api.w.org\/{rel}","templated":true}]}}