{"id":216471,"date":"2014-05-28T00:00:00","date_gmt":"2014-05-27T22:00:00","guid":{"rendered":"https:\/\/megacase.com\/product\/flex-cut-i-einlage-mit-boden-und-noppenschaumstoff\/"},"modified":"2026-04-09T13:25:36","modified_gmt":"2026-04-09T11:25:36","slug":"flex-cut-i-einlage-mit-boden-und-noppenschaumstoff","status":"publish","type":"product","link":"https:\/\/megacase.com\/fr\/produit\/flex-cut-i-einlage-mit-boden-und-noppenschaumstoff\/","title":{"rendered":"Flex Cut Inlay I"},"content":{"rendered":"<p>Mousse pr\u00e9d\u00e9coup\u00e9e<\/p>\n<p>Pour Megacase Flex Cut 1 (<a href=\"https:\/\/megacase.com\/fr\/produit\/flex-cut-koffer-50x40x105cm\/\">145478<\/a>)<br \/>\nPr\u00e9d\u00e9coup\u00e9e en cubes de 15 x 15 mm<br \/>\nDimensions: 500 x 80 x 400 mm<br \/>\nPoids: 1 kg<br \/>\nFabriqu\u00e9e en Allemagne<\/p>\n","protected":false},"excerpt":{"rendered":"<p>Mousse pr\u00e9d\u00e9coup\u00e9e Pour Megacase Flex Cut 1 (145478) Pr\u00e9d\u00e9coup\u00e9e en cubes de 15 x 15 mm Dimensions: 500 x 80<\/p>\n","protected":false},"featured_media":37949,"template":"","meta":{"_acf_changed":false},"product_brand":[],"product_cat":[13818],"product_tag":[],"class_list":{"0":"post-216471","1":"product","2":"type-product","3":"status-publish","4":"has-post-thumbnail","6":"product_cat-case-zubehoer-fr","8":"first","9":"instock","10":"taxable","11":"shipping-taxable","12":"purchasable","13":"product-type-simple"},"acf":[],"_links":{"self":[{"href":"https:\/\/megacase.com\/fr\/wp-json\/wp\/v2\/product\/216471","targetHints":{"allow":["GET"]}}],"collection":[{"href":"https:\/\/megacase.com\/fr\/wp-json\/wp\/v2\/product"}],"about":[{"href":"https:\/\/megacase.com\/fr\/wp-json\/wp\/v2\/types\/product"}],"wp:featuredmedia":[{"embeddable":true,"href":"https:\/\/megacase.com\/fr\/wp-json\/wp\/v2\/media\/37949"}],"wp:attachment":[{"href":"https:\/\/megacase.com\/fr\/wp-json\/wp\/v2\/media?parent=216471"}],"wp:term":[{"taxonomy":"product_brand","embeddable":true,"href":"https:\/\/megacase.com\/fr\/wp-json\/wp\/v2\/product_brand?post=216471"},{"taxonomy":"product_cat","embeddable":true,"href":"https:\/\/megacase.com\/fr\/wp-json\/wp\/v2\/product_cat?post=216471"},{"taxonomy":"product_tag","embeddable":true,"href":"https:\/\/megacase.com\/fr\/wp-json\/wp\/v2\/product_tag?post=216471"}],"curies":[{"name":"wp","href":"https:\/\/api.w.org\/{rel}","templated":true}]}}