{"id":216124,"date":"2021-05-05T16:40:19","date_gmt":"2021-05-05T14:40:19","guid":{"rendered":"https:\/\/megacase.com\/product\/flightcase-elation-kl-panel-2in1-rg\/"},"modified":"2026-03-26T13:09:22","modified_gmt":"2026-03-26T12:09:22","slug":"flightcase-elation-kl-panel-2in1-rg","status":"publish","type":"product","link":"https:\/\/megacase.com\/fr\/produit\/flightcase-elation-kl-panel-2in1-rg\/","title":{"rendered":"Flightcase Elation KL Panel 2in1 + RG"},"content":{"rendered":"<p>Valise de transport adapt\u00e9e pour 2 panneaux Elation KL<br \/>\nen contreplaqu\u00e9 de bouleau de 6,8 mm rev\u00eatu<br \/>\nLa couleur noire<br \/>\nBord en aluminium 30 x 30 mm<br \/>\n2 \u00e9cluses papillon moyen<br \/>\n2 poign\u00e9es pliantes moyennes<br \/>\n2 charni\u00e8res verrouillables<br \/>\n8 coins de boule moyen<br \/>\n1 plateau d&rsquo;\u00e9tiquettes de tourn\u00e9e<br \/>\n4 roulettes pivotantes, dont 2 frein\u00e9es<br \/>\n4 \u00e9videments de roue dans le couvercle<br \/>\nRembourrage en mousse<br \/>\nCompartiment \u00e0 accessoires droit de 150 mm de large<br \/>\nFabriqu\u00e9 en Allemagne<br \/>\nDimensions ext\u00e9rieures LxPxH env.: 747 x 430 x 740 mm<br \/>\nPoids env.: 25,7 kg<\/p>\n","protected":false},"excerpt":{"rendered":"<p>Valise de transport adapt\u00e9e pour 2 panneaux Elation KL | Compartiment \u00e0 accessoires droit de 150 mm de large | Fabriqu\u00e9 en Allemagne<\/p>\n","protected":false},"featured_media":216105,"template":"","meta":{"_acf_changed":false},"product_brand":[],"product_cat":[15423],"product_tag":[],"class_list":{"0":"post-216124","1":"product","2":"type-product","3":"status-publish","4":"has-post-thumbnail","6":"product_cat-light-equipment-case-utilisation","8":"first","9":"instock","10":"taxable","11":"shipping-taxable","12":"purchasable","13":"product-type-simple"},"acf":[],"_links":{"self":[{"href":"https:\/\/megacase.com\/fr\/wp-json\/wp\/v2\/product\/216124","targetHints":{"allow":["GET"]}}],"collection":[{"href":"https:\/\/megacase.com\/fr\/wp-json\/wp\/v2\/product"}],"about":[{"href":"https:\/\/megacase.com\/fr\/wp-json\/wp\/v2\/types\/product"}],"wp:featuredmedia":[{"embeddable":true,"href":"https:\/\/megacase.com\/fr\/wp-json\/wp\/v2\/media\/216105"}],"wp:attachment":[{"href":"https:\/\/megacase.com\/fr\/wp-json\/wp\/v2\/media?parent=216124"}],"wp:term":[{"taxonomy":"product_brand","embeddable":true,"href":"https:\/\/megacase.com\/fr\/wp-json\/wp\/v2\/product_brand?post=216124"},{"taxonomy":"product_cat","embeddable":true,"href":"https:\/\/megacase.com\/fr\/wp-json\/wp\/v2\/product_cat?post=216124"},{"taxonomy":"product_tag","embeddable":true,"href":"https:\/\/megacase.com\/fr\/wp-json\/wp\/v2\/product_tag?post=216124"}],"curies":[{"name":"wp","href":"https:\/\/api.w.org\/{rel}","templated":true}]}}