{"id":215988,"date":"2021-05-05T16:04:36","date_gmt":"2021-05-05T14:04:36","guid":{"rendered":"https:\/\/megacase.com\/product\/flip-down-case-midas-pro-2-cc-tp\/"},"modified":"2026-03-26T13:09:23","modified_gmt":"2026-03-26T12:09:23","slug":"flip-down-case-midas-pro-2-cc-tp","status":"publish","type":"product","link":"https:\/\/megacase.com\/fr\/produit\/flip-down-case-midas-pro-2-cc-tp\/","title":{"rendered":"Flip-Down Case Midas Pro2 CC-TP"},"content":{"rendered":"<p>\u00c9tui \u00e0 rabat noir lourd sur roulettes (2 avec freins) avec encadrement de paroi lat\u00e9rale pour Midas Pro2 CC-TP<br \/>\nLa table de mixage peut rester dans l&rsquo;\u00e9tui pour le transport et les \u00e9v\u00e9nements.<br \/>\n2 fentes lat\u00e9rales pour adaptateur moniteur Article: 9144<br \/>\n1 adaptateur de moniteur inclus<br \/>\nRev\u00eatu de contreplaqu\u00e9 de bouleau de 9 mm<br \/>\nLa couleur noire<br \/>\nBord en aluminium 35&#215;35 mm<br \/>\n8 serrures papillon grandes<br \/>\n12 grande poign\u00e9e pliante<br \/>\n12 grands coins en L<br \/>\n4 poign\u00e9es de montage de bord<br \/>\n8 grands coins sph\u00e9riques<br \/>\n1 \u00e9tiquette de visite de plat int\u00e9gr\u00e9e<br \/>\n3 charni\u00e8res lourdes 80&#215;120 mm<br \/>\n2 loquets (compartiments avant)<br \/>\n6 charni\u00e8re \u00e0 visser, argent<br \/>\n4 roulettes pivotantes 100 mm dont 2 frein\u00e9es<br \/>\nRembourrage en mousse<br \/>\nbandes feutr\u00e9es<br \/>\n2 panneaux lat\u00e9raux adapt\u00e9s pour Midas Pro2 CC-TP<br \/>\nVis de verrouillage<br \/>\n2 sorties de c\u00e2bles dans le dockhouse<br \/>\n4 fraisages pour les ouvertures de c\u00e2bles<br \/>\n2 ressorts \u00e0 gaz<br \/>\n4 \u00e9cluses de quai, dont une verrouillable<br \/>\n2 unit\u00e9s de rack 1U ci-dessous<br \/>\n1 tiroir rack 1U<br \/>\nDimensions ext\u00e9rieures LxPxH 1410 x 595 x 1195 mm<br \/>\nPoids: 141 kg<br \/>\nFabriqu\u00e9 en Allemagne<\/p>\n","protected":false},"excerpt":{"rendered":"<p>\u00c9tui \u00e0 rabat noir lourd sur roulettes (2 avec freins) avec encadrement de paroi lat\u00e9rale pour Midas Pro 2 CC-TP | Fabriqu\u00e9 en Allemagne<\/p>\n","protected":false},"featured_media":215853,"template":"","meta":{"_acf_changed":false},"product_brand":[],"product_cat":[13828],"product_tag":[],"class_list":{"0":"post-215988","1":"product","2":"type-product","3":"status-publish","4":"has-post-thumbnail","6":"product_cat-mischpult-cases-fr","8":"first","9":"instock","10":"taxable","11":"shipping-taxable","12":"purchasable","13":"product-type-simple"},"acf":[],"_links":{"self":[{"href":"https:\/\/megacase.com\/fr\/wp-json\/wp\/v2\/product\/215988","targetHints":{"allow":["GET"]}}],"collection":[{"href":"https:\/\/megacase.com\/fr\/wp-json\/wp\/v2\/product"}],"about":[{"href":"https:\/\/megacase.com\/fr\/wp-json\/wp\/v2\/types\/product"}],"wp:featuredmedia":[{"embeddable":true,"href":"https:\/\/megacase.com\/fr\/wp-json\/wp\/v2\/media\/215853"}],"wp:attachment":[{"href":"https:\/\/megacase.com\/fr\/wp-json\/wp\/v2\/media?parent=215988"}],"wp:term":[{"taxonomy":"product_brand","embeddable":true,"href":"https:\/\/megacase.com\/fr\/wp-json\/wp\/v2\/product_brand?post=215988"},{"taxonomy":"product_cat","embeddable":true,"href":"https:\/\/megacase.com\/fr\/wp-json\/wp\/v2\/product_cat?post=215988"},{"taxonomy":"product_tag","embeddable":true,"href":"https:\/\/megacase.com\/fr\/wp-json\/wp\/v2\/product_tag?post=215988"}],"curies":[{"name":"wp","href":"https:\/\/api.w.org\/{rel}","templated":true}]}}