{"id":215699,"date":"2021-05-05T15:55:02","date_gmt":"2021-05-05T13:55:02","guid":{"rendered":"https:\/\/megacase.com\/product\/flightcase-numark-scratch\/"},"modified":"2026-03-26T13:09:23","modified_gmt":"2026-03-26T12:09:23","slug":"flightcase-numark-scratch","status":"publish","type":"product","link":"https:\/\/megacase.com\/fr\/produit\/flightcase-numark-scratch\/","title":{"rendered":"Flightcase Numark SCRATCH"},"content":{"rendered":"<p>\u00c9tui de capot assorti pour une table de mixage Numark SCRATCH DJ<br \/>\nRev\u00eatu de r\u00e9sine ph\u00e9nolique multiplex de bouleau de 6,8 mm<br \/>\nCouleur marron<br \/>\nBord en aluminium 25 x 25 mm<br \/>\n2 serrures papillon moyennes \u00e0 ressort<br \/>\n1 poign\u00e9e \u00e9tui avec capuchon<br \/>\n8 coins sph\u00e9riques moyens<br \/>\n4 pieds en caoutchouc 25 x 15 mm<br \/>\nRembourrage en mousse<br \/>\nNumark peut \u00eatre utilis\u00e9 dans la partie inf\u00e9rieure<br \/>\nEspace de 9 cm derri\u00e8re pour la prise d&rsquo;alimentation<br \/>\nFabriqu\u00e9 en Allemagne<br \/>\nDimensions ext\u00e9rieures LxPxH env.: 315 x 455 x 210 mm<br \/>\nPoids env.: 4,6 kg<\/p>\n","protected":false},"excerpt":{"rendered":"<p>\u00c9tui de capot assorti pour une table de mixage Numark SCRATCH DJ | Numark peut \u00eatre utilis\u00e9 dans la partie inf\u00e9rieure | Fabriqu\u00e9 en Allemagne<\/p>\n","protected":false},"featured_media":215688,"template":"","meta":{"_acf_changed":false},"product_brand":[],"product_cat":[13730],"product_tag":[],"class_list":{"0":"post-215699","1":"product","2":"type-product","3":"status-publish","4":"has-post-thumbnail","6":"product_cat-dj-cases-fr","8":"first","9":"instock","10":"taxable","11":"shipping-taxable","12":"purchasable","13":"product-type-simple"},"acf":[],"_links":{"self":[{"href":"https:\/\/megacase.com\/fr\/wp-json\/wp\/v2\/product\/215699","targetHints":{"allow":["GET"]}}],"collection":[{"href":"https:\/\/megacase.com\/fr\/wp-json\/wp\/v2\/product"}],"about":[{"href":"https:\/\/megacase.com\/fr\/wp-json\/wp\/v2\/types\/product"}],"wp:featuredmedia":[{"embeddable":true,"href":"https:\/\/megacase.com\/fr\/wp-json\/wp\/v2\/media\/215688"}],"wp:attachment":[{"href":"https:\/\/megacase.com\/fr\/wp-json\/wp\/v2\/media?parent=215699"}],"wp:term":[{"taxonomy":"product_brand","embeddable":true,"href":"https:\/\/megacase.com\/fr\/wp-json\/wp\/v2\/product_brand?post=215699"},{"taxonomy":"product_cat","embeddable":true,"href":"https:\/\/megacase.com\/fr\/wp-json\/wp\/v2\/product_cat?post=215699"},{"taxonomy":"product_tag","embeddable":true,"href":"https:\/\/megacase.com\/fr\/wp-json\/wp\/v2\/product_tag?post=215699"}],"curies":[{"name":"wp","href":"https:\/\/api.w.org\/{rel}","templated":true}]}}