{"id":215581,"date":"2021-05-05T15:36:10","date_gmt":"2021-05-05T13:36:10","guid":{"rendered":"https:\/\/megacase.com\/product\/l-rack-16u-midas-m32r-wheel\/"},"modified":"2026-03-26T13:09:24","modified_gmt":"2026-03-26T12:09:24","slug":"l-rack-16u-midas-m32r-wheel","status":"publish","type":"product","link":"https:\/\/megacase.com\/fr\/produit\/l-rack-16u-midas-m32r-wheel\/","title":{"rendered":"L-Rack 16U MIDAS M32R + wheel"},"content":{"rendered":"<p>Support d&rsquo;angle assorti avec fonction de table \u00e0 gauche et \u00e0 droite pour une Midas M32R<br \/>\nLe plafond avant peut \u00eatre suspendu \u00e0 gauche ou \u00e0 droite comme une table.<br \/>\nD&rsquo;autres bo\u00eetiers identiques peuvent \u00eatre utilis\u00e9s ensemble<br \/>\nHauteur d&rsquo;installation 16U<br \/>\nProfondeur d&rsquo;installation 71 cm<br \/>\nProfondeur du corps 73 cm<br \/>\n6,5 mm bouleau noir RAL 9004<br \/>\nBord en aluminium 25\/25<br \/>\n7 \u00e9cluses papillon, moyenne<br \/>\n4 poign\u00e9es pliantes moyennes<br \/>\n8 coins de boule moyen<br \/>\n1 rabat de service frais\u00e9 \u00e0 l&rsquo;arri\u00e8re<br \/>\navec brosse anti-poussi\u00e8re de 20 mm comme sortie de c\u00e2ble<br \/>\nFonction de table<br \/>\nRail de rack avec tuyauterie en caoutchouc \u00e0 l&rsquo;avant 16U<br \/>\nRail de rack avec tuyauterie en caoutchouc sur le dessus 16U<br \/>\nJeu de vis<br \/>\n4 roulettes pivotantes, dont 2 frein\u00e9es<br \/>\nFabriqu\u00e9 en Allemagne<br \/>\nDimensions ext\u00e9rieures LxPxH env.: 554 x 840 x 1194 mm<br \/>\nPoids env.: 37,2 kg<\/p>\n","protected":false},"excerpt":{"rendered":"<p>Support d&rsquo;angle assorti avec fonction de table \u00e0 gauche et \u00e0 droite pour une Midas M32R | Hauteur d&rsquo;installation 16U | Fabriqu\u00e9 en Allemagne<\/p>\n","protected":false},"featured_media":215554,"template":"","meta":{"_acf_changed":false},"product_brand":[],"product_cat":[13828],"product_tag":[],"class_list":{"0":"post-215581","1":"product","2":"type-product","3":"status-publish","4":"has-post-thumbnail","6":"product_cat-mischpult-cases-fr","8":"first","9":"instock","10":"taxable","11":"shipping-taxable","12":"purchasable","13":"product-type-simple"},"acf":[],"_links":{"self":[{"href":"https:\/\/megacase.com\/fr\/wp-json\/wp\/v2\/product\/215581","targetHints":{"allow":["GET"]}}],"collection":[{"href":"https:\/\/megacase.com\/fr\/wp-json\/wp\/v2\/product"}],"about":[{"href":"https:\/\/megacase.com\/fr\/wp-json\/wp\/v2\/types\/product"}],"wp:featuredmedia":[{"embeddable":true,"href":"https:\/\/megacase.com\/fr\/wp-json\/wp\/v2\/media\/215554"}],"wp:attachment":[{"href":"https:\/\/megacase.com\/fr\/wp-json\/wp\/v2\/media?parent=215581"}],"wp:term":[{"taxonomy":"product_brand","embeddable":true,"href":"https:\/\/megacase.com\/fr\/wp-json\/wp\/v2\/product_brand?post=215581"},{"taxonomy":"product_cat","embeddable":true,"href":"https:\/\/megacase.com\/fr\/wp-json\/wp\/v2\/product_cat?post=215581"},{"taxonomy":"product_tag","embeddable":true,"href":"https:\/\/megacase.com\/fr\/wp-json\/wp\/v2\/product_tag?post=215581"}],"curies":[{"name":"wp","href":"https:\/\/api.w.org\/{rel}","templated":true}]}}