{"id":215476,"date":"2021-05-04T14:35:03","date_gmt":"2021-05-04T12:35:03","guid":{"rendered":"https:\/\/megacase.com\/product\/flightcase-allen-heath-zedi-10\/"},"modified":"2026-03-26T13:09:24","modified_gmt":"2026-03-26T12:09:24","slug":"flightcase-allen-heath-zedi-10","status":"publish","type":"product","link":"https:\/\/megacase.com\/fr\/produit\/flightcase-allen-heath-zedi-10\/","title":{"rendered":"Flightcase Allen &#038; Heath ZEDi-10"},"content":{"rendered":"<p>\u00c9tui de capot assorti pour un Allen &amp; Heath ZEDi-10<br \/>\nen contreplaqu\u00e9 de bouleau de 6,8 mm rev\u00eatu de r\u00e9sine ph\u00e9nolique<br \/>\nCouleur marron<br \/>\nBord en aluminium 22&#215;22 mm,<br \/>\n2 fermetures moyennes papillon<br \/>\n1 poign\u00e9e de valise<br \/>\n8 petits coins \u00e0 billes en acier<br \/>\n4 pieds en caoutchouc 38 x 10 mm<br \/>\ntoutes les connexions sont librement accessibles<br \/>\nl&rsquo;appareil est jouable dans l&rsquo;\u00e9tui<br \/>\nRembourrage en mousse<br \/>\nFabriqu\u00e9 en Allemagne<br \/>\nDimensions ext\u00e9rieures: LxPxH 385x340x166 mm<br \/>\nPoids: 3,7 kg<\/p>\n","protected":false},"excerpt":{"rendered":"<p>\u00c9tui de capot assorti pour un Allen &amp; Heath ZEDi-10 | l&rsquo;appareil est jouable dans l&rsquo;\u00e9tui | Fabriqu\u00e9 en Allemagne<\/p>\n","protected":false},"featured_media":215445,"template":"","meta":{"_acf_changed":false},"product_brand":[],"product_cat":[13828],"product_tag":[],"class_list":{"0":"post-215476","1":"product","2":"type-product","3":"status-publish","4":"has-post-thumbnail","6":"product_cat-mischpult-cases-fr","8":"first","9":"instock","10":"taxable","11":"shipping-taxable","12":"purchasable","13":"product-type-simple"},"acf":[],"_links":{"self":[{"href":"https:\/\/megacase.com\/fr\/wp-json\/wp\/v2\/product\/215476","targetHints":{"allow":["GET"]}}],"collection":[{"href":"https:\/\/megacase.com\/fr\/wp-json\/wp\/v2\/product"}],"about":[{"href":"https:\/\/megacase.com\/fr\/wp-json\/wp\/v2\/types\/product"}],"wp:featuredmedia":[{"embeddable":true,"href":"https:\/\/megacase.com\/fr\/wp-json\/wp\/v2\/media\/215445"}],"wp:attachment":[{"href":"https:\/\/megacase.com\/fr\/wp-json\/wp\/v2\/media?parent=215476"}],"wp:term":[{"taxonomy":"product_brand","embeddable":true,"href":"https:\/\/megacase.com\/fr\/wp-json\/wp\/v2\/product_brand?post=215476"},{"taxonomy":"product_cat","embeddable":true,"href":"https:\/\/megacase.com\/fr\/wp-json\/wp\/v2\/product_cat?post=215476"},{"taxonomy":"product_tag","embeddable":true,"href":"https:\/\/megacase.com\/fr\/wp-json\/wp\/v2\/product_tag?post=215476"}],"curies":[{"name":"wp","href":"https:\/\/api.w.org\/{rel}","templated":true}]}}