{"id":215410,"date":"2021-05-03T16:20:57","date_gmt":"2021-05-03T14:20:57","guid":{"rendered":"https:\/\/megacase.com\/product\/case-2x-cdj-2000nxs2-1x-djm-900nxs2\/"},"modified":"2026-03-26T13:09:24","modified_gmt":"2026-03-26T12:09:24","slug":"case-2x-cdj-2000nxs2-1x-djm-900nxs2","status":"publish","type":"product","link":"https:\/\/megacase.com\/fr\/produit\/case-2x-cdj-2000nxs2-1x-djm-900nxs2\/","title":{"rendered":"Case 2x CDJ-2000NXS2 1x DJM-900NXS2"},"content":{"rendered":"<p>\u00c9tui de console assorti pour deux Pioneer CDJ 2000 Nexus 2 et un DJM 900 Nexus 2<br \/>\navec chemin de c\u00e2bles couvert et un tiroir pour ordinateur portable<br \/>\nen contreplaqu\u00e9 de bouleau de 6,8 mm rev\u00eatu<br \/>\nCouleur: <a href=\"https:\/\/megacase.com\/fr\/farben-beschichtungen\/\">librement s\u00e9lectionnable<\/a><br \/>\nBord en aluminium 25&#215;25<br \/>\nFermoir \u00e0 4 papillons<br \/>\n3 poign\u00e9es pliantes, moyennes<br \/>\n8 coins de boule moyen<br \/>\n4 pieds en caoutchouc 38 x 33<br \/>\n2 pieds en plastique pour se tenir debout<br \/>\nClapet de protection pour goulotte de c\u00e2bles<br \/>\nsorties de c\u00e2bles lat\u00e9rales<br \/>\nRembourrage en mousse dans toute l&rsquo;\u00e9tui.<br \/>\nFabriqu\u00e9 en Allemagne<br \/>\nDimensions ext\u00e9rieures LxPxH env.: 1180 x 585 x 240 mm<br \/>\nPoids: 20,3 kg<\/p>\n<p>Si vous commandez, veuillez sp\u00e9cifier la couleur d\u00e9sir\u00e9e dans le champ de commentaire<\/p>\n","protected":false},"excerpt":{"rendered":"<p>\u00c9tui de console assorti pour deux Pioneer CDJ 2000 Nexus 2 et un DJM 900 Nexus 2 | Fabriqu\u00e9 en Allemagne<\/p>\n","protected":false},"featured_media":215399,"template":"","meta":{"_acf_changed":false},"product_brand":[],"product_cat":[13730],"product_tag":[],"class_list":{"0":"post-215410","1":"product","2":"type-product","3":"status-publish","4":"has-post-thumbnail","6":"product_cat-dj-cases-fr","8":"first","9":"instock","10":"taxable","11":"shipping-taxable","12":"purchasable","13":"product-type-simple"},"acf":[],"_links":{"self":[{"href":"https:\/\/megacase.com\/fr\/wp-json\/wp\/v2\/product\/215410","targetHints":{"allow":["GET"]}}],"collection":[{"href":"https:\/\/megacase.com\/fr\/wp-json\/wp\/v2\/product"}],"about":[{"href":"https:\/\/megacase.com\/fr\/wp-json\/wp\/v2\/types\/product"}],"wp:featuredmedia":[{"embeddable":true,"href":"https:\/\/megacase.com\/fr\/wp-json\/wp\/v2\/media\/215399"}],"wp:attachment":[{"href":"https:\/\/megacase.com\/fr\/wp-json\/wp\/v2\/media?parent=215410"}],"wp:term":[{"taxonomy":"product_brand","embeddable":true,"href":"https:\/\/megacase.com\/fr\/wp-json\/wp\/v2\/product_brand?post=215410"},{"taxonomy":"product_cat","embeddable":true,"href":"https:\/\/megacase.com\/fr\/wp-json\/wp\/v2\/product_cat?post=215410"},{"taxonomy":"product_tag","embeddable":true,"href":"https:\/\/megacase.com\/fr\/wp-json\/wp\/v2\/product_tag?post=215410"}],"curies":[{"name":"wp","href":"https:\/\/api.w.org\/{rel}","templated":true}]}}