{"id":215294,"date":"2021-05-03T14:30:59","date_gmt":"2021-05-03T12:30:59","guid":{"rendered":"https:\/\/megacase.com\/product\/dj-table-z-style-120x60\/"},"modified":"2026-03-26T13:09:25","modified_gmt":"2026-03-26T12:09:25","slug":"dj-table-z-style-120x60","status":"publish","type":"product","link":"https:\/\/megacase.com\/fr\/produit\/dj-table-z-style-120x60\/","title":{"rendered":"DJ Table Z-Style 120&#215;60"},"content":{"rendered":"<p>En contreplaqu\u00e9 de bouleau \u00e9pais de 7 mm<br \/>\nHauteur de travail : env. 90 cm<br \/>\nProfil\u00e9s aluminium 30 x 30 mm<br \/>\n8 fermetures papillon \u00e0 ressort<br \/>\n4 poign\u00e9es r\u00e9tractables moyennes<br \/>\n8 coins plats en acier<br \/>\n2 pieds en caoutchouc<br \/>\nPieds r\u00e9glables en hauteur<br \/>\n2 roues int\u00e9gr\u00e9es<br \/>\nRembourrage en mousse<br \/>\nDimensions ext\u00e9rieures (L x P x H) : 1224 x 604 x 275 mm<br \/>\nPoids : 24,1 kg<br \/>\nCouleur : Noir<br \/>\nFabriqu\u00e9 en Allemagne<\/p>\n","protected":false},"excerpt":{"rendered":"<p>En contreplaqu\u00e9 de bouleau \u00e9pais de 7 mm | Hauteur de travail : env. 90 cm | Fabriqu\u00e9 en Allemagne<\/p>\n","protected":false},"featured_media":216412,"template":"","meta":{"_acf_changed":false},"product_brand":[],"product_cat":[13730],"product_tag":[],"class_list":{"0":"post-215294","1":"product","2":"type-product","3":"status-publish","4":"has-post-thumbnail","6":"product_cat-dj-cases-fr","8":"first","9":"instock","10":"taxable","11":"shipping-taxable","12":"purchasable","13":"product-type-simple"},"acf":[],"_links":{"self":[{"href":"https:\/\/megacase.com\/fr\/wp-json\/wp\/v2\/product\/215294","targetHints":{"allow":["GET"]}}],"collection":[{"href":"https:\/\/megacase.com\/fr\/wp-json\/wp\/v2\/product"}],"about":[{"href":"https:\/\/megacase.com\/fr\/wp-json\/wp\/v2\/types\/product"}],"wp:featuredmedia":[{"embeddable":true,"href":"https:\/\/megacase.com\/fr\/wp-json\/wp\/v2\/media\/216412"}],"wp:attachment":[{"href":"https:\/\/megacase.com\/fr\/wp-json\/wp\/v2\/media?parent=215294"}],"wp:term":[{"taxonomy":"product_brand","embeddable":true,"href":"https:\/\/megacase.com\/fr\/wp-json\/wp\/v2\/product_brand?post=215294"},{"taxonomy":"product_cat","embeddable":true,"href":"https:\/\/megacase.com\/fr\/wp-json\/wp\/v2\/product_cat?post=215294"},{"taxonomy":"product_tag","embeddable":true,"href":"https:\/\/megacase.com\/fr\/wp-json\/wp\/v2\/product_tag?post=215294"}],"curies":[{"name":"wp","href":"https:\/\/api.w.org\/{rel}","templated":true}]}}