{"id":214981,"date":"2021-04-29T16:24:00","date_gmt":"2021-04-29T14:24:00","guid":{"rendered":"https:\/\/megacase.com\/product\/case-neumann-km183-set-haun-oss-schneider-disc\/"},"modified":"2026-03-26T13:09:26","modified_gmt":"2026-03-26T12:09:26","slug":"case-neumann-km183-set-haun-oss-schneider-disc","status":"publish","type":"product","link":"https:\/\/megacase.com\/fr\/produit\/case-neumann-km183-set-haun-oss-schneider-disc\/","title":{"rendered":"Case Neumann KM183 Set + Haun Oss Schneider Disc"},"content":{"rendered":"<p>Coffret assorti pour kit Neumann KM183 avec s\u00e9parateur \u00e0 disques Haun Oss Schneider<br \/>\nRev\u00eatu de r\u00e9sine ph\u00e9nolique multiplex de bouleau de 6,8 mm<br \/>\nCouleur marron<br \/>\nBord en aluminium 22 x 22 mm<br \/>\n2 fermetures \u00e0 pression<br \/>\n1 poign\u00e9e de valise<br \/>\n8 petits coins sph\u00e9riques<br \/>\n2 charni\u00e8res verrouillables<br \/>\n4 coins en L<br \/>\nIncrustation de mousse<br \/>\nFabriqu\u00e9 en Allemagne<br \/>\nDimensions ext\u00e9rieures LxPxH env.: 446 x 408 x 206 mm<br \/>\nPoids env.: 5,2 kg<\/p>\n","protected":false},"excerpt":{"rendered":"<p>Coffret assorti pour kit Neumann KM183 avec s\u00e9parateur \u00e0 disques Haun Oss Schneider | Fabriqu\u00e9 en Allemagne<\/p>\n","protected":false},"featured_media":214966,"template":"","meta":{"_acf_changed":false},"product_brand":[],"product_cat":[15753],"product_tag":[],"class_list":{"0":"post-214981","1":"product","2":"type-product","3":"status-publish","4":"has-post-thumbnail","6":"product_cat-microphone-case-utilisation","8":"first","9":"instock","10":"taxable","11":"shipping-taxable","12":"purchasable","13":"product-type-simple"},"acf":[],"_links":{"self":[{"href":"https:\/\/megacase.com\/fr\/wp-json\/wp\/v2\/product\/214981","targetHints":{"allow":["GET"]}}],"collection":[{"href":"https:\/\/megacase.com\/fr\/wp-json\/wp\/v2\/product"}],"about":[{"href":"https:\/\/megacase.com\/fr\/wp-json\/wp\/v2\/types\/product"}],"wp:featuredmedia":[{"embeddable":true,"href":"https:\/\/megacase.com\/fr\/wp-json\/wp\/v2\/media\/214966"}],"wp:attachment":[{"href":"https:\/\/megacase.com\/fr\/wp-json\/wp\/v2\/media?parent=214981"}],"wp:term":[{"taxonomy":"product_brand","embeddable":true,"href":"https:\/\/megacase.com\/fr\/wp-json\/wp\/v2\/product_brand?post=214981"},{"taxonomy":"product_cat","embeddable":true,"href":"https:\/\/megacase.com\/fr\/wp-json\/wp\/v2\/product_cat?post=214981"},{"taxonomy":"product_tag","embeddable":true,"href":"https:\/\/megacase.com\/fr\/wp-json\/wp\/v2\/product_tag?post=214981"}],"curies":[{"name":"wp","href":"https:\/\/api.w.org\/{rel}","templated":true}]}}