{"id":214661,"date":"2021-04-28T07:12:08","date_gmt":"2021-04-28T05:12:08","guid":{"rendered":"https:\/\/megacase.com\/product\/case-blackmagic-design-atem-1-m-e-advanced-panel\/"},"modified":"2026-03-26T13:09:27","modified_gmt":"2026-03-26T12:09:27","slug":"case-blackmagic-design-atem-1-m-e-advanced-panel","status":"publish","type":"product","link":"https:\/\/megacase.com\/fr\/produit\/case-blackmagic-design-atem-1-m-e-advanced-panel\/","title":{"rendered":"Case Blackmagic Design Atem 1 M\/E Advanced Panel"},"content":{"rendered":"<p>\u00c9tui de capot assorti pour un panneau avanc\u00e9 Blackmagic Design Atem 1 M \/ E<br \/>\nen contreplaqu\u00e9 de bouleau de 6,8 mm rev\u00eatu<br \/>\nLa couleur noire<br \/>\nBord en aluminium 30 x 30 mm<br \/>\n2 \u00e9cluses papillon moyen<br \/>\n1 poign\u00e9e en cuir<br \/>\n8 coins de boule moyen<br \/>\n4 pieds en caoutchouc 38 x 20 mm<br \/>\nRembourrage en mousse<br \/>\nEspace de 100 mm derri\u00e8re l&rsquo;appareil<br \/>\ntoutes les connexions librement accessibles<br \/>\nL&rsquo;appareil peut \u00eatre utilis\u00e9 dans la partie inf\u00e9rieure<br \/>\nFabriqu\u00e9 en Allemagne<br \/>\nDimensions ext\u00e9rieures LxPxH env.: 490 x 542 x 230 mm<br \/>\nPoids environ 7,9 kg<\/p>\n","protected":false},"excerpt":{"rendered":"<p>\u00c9tui de capot assorti pour un panneau avanc\u00e9 Blackmagic Design Atem 1 M \/ E | L&rsquo;appareil peut \u00eatre utilis\u00e9 dans la partie inf\u00e9rieure | Fabriqu\u00e9 en Allemagne<\/p>\n","protected":false},"featured_media":214646,"template":"","meta":{"_acf_changed":false},"product_brand":[],"product_cat":[16064],"product_tag":[],"class_list":{"0":"post-214661","1":"product","2":"type-product","3":"status-publish","4":"has-post-thumbnail","6":"product_cat-cases-for-video-equipment-fr","8":"first","9":"instock","10":"taxable","11":"shipping-taxable","12":"purchasable","13":"product-type-simple"},"acf":[],"_links":{"self":[{"href":"https:\/\/megacase.com\/fr\/wp-json\/wp\/v2\/product\/214661","targetHints":{"allow":["GET"]}}],"collection":[{"href":"https:\/\/megacase.com\/fr\/wp-json\/wp\/v2\/product"}],"about":[{"href":"https:\/\/megacase.com\/fr\/wp-json\/wp\/v2\/types\/product"}],"wp:featuredmedia":[{"embeddable":true,"href":"https:\/\/megacase.com\/fr\/wp-json\/wp\/v2\/media\/214646"}],"wp:attachment":[{"href":"https:\/\/megacase.com\/fr\/wp-json\/wp\/v2\/media?parent=214661"}],"wp:term":[{"taxonomy":"product_brand","embeddable":true,"href":"https:\/\/megacase.com\/fr\/wp-json\/wp\/v2\/product_brand?post=214661"},{"taxonomy":"product_cat","embeddable":true,"href":"https:\/\/megacase.com\/fr\/wp-json\/wp\/v2\/product_cat?post=214661"},{"taxonomy":"product_tag","embeddable":true,"href":"https:\/\/megacase.com\/fr\/wp-json\/wp\/v2\/product_tag?post=214661"}],"curies":[{"name":"wp","href":"https:\/\/api.w.org\/{rel}","templated":true}]}}