{"id":214603,"date":"2021-04-27T16:59:30","date_gmt":"2021-04-27T14:59:30","guid":{"rendered":"https:\/\/megacase.com\/product\/flightcase-4u-pedalboard\/"},"modified":"2026-03-26T13:09:27","modified_gmt":"2026-03-26T12:09:27","slug":"flightcase-4u-pedalboard","status":"publish","type":"product","link":"https:\/\/megacase.com\/fr\/produit\/flightcase-4u-pedalboard\/","title":{"rendered":"Flightcase 4U + Pedalboard"},"content":{"rendered":"<p>Bo\u00eetier d&rsquo;ampli double porte 4,5 U comprenant une carte d&rsquo;effets amovible<br \/>\nun compartiment vide \u00e0 c\u00f4t\u00e9 de Rackspace<br \/>\nLes antennes de l&rsquo;unit\u00e9 radio ont de l&rsquo;espace dans le couvercle<br \/>\nsous une planche \u00e0 effet amovible avec rembourrage en mousse et une surface au sol avec du feutre<br \/>\npour r\u00e9parer les appareils avec Velcro,<br \/>\nProfondeur d&rsquo;installation d&rsquo;environ 30 cm pour laisser les appareils c\u00e2bl\u00e9s<br \/>\nL&rsquo;\u00e9tui se compose de:<br \/>\nContreplaqu\u00e9 de bouleau de 6,5 mm enduit<br \/>\nCouleur: <a href=\"https:\/\/megacase.com\/fr\/farben-beschichtungen\/\">librement s\u00e9lectionnable<\/a><br \/>\nBord en aluminium 25x25mm<br \/>\n4 papillons moyen<br \/>\n2 poign\u00e9es pliantes, moyennes<br \/>\n8 Coin sph\u00e9rique moyen avec coin en L<br \/>\n4 pieds en caoutchouc 38x25mm<br \/>\nRembourrage en mousse<\/p>\n<p>Le p\u00e9dalier se compose de:<br \/>\nContreplaqu\u00e9 de bouleau de 6,5 mm enduit<br \/>\nCouleur marron<br \/>\nBord en aluminium 22 x 22 mm<br \/>\nProfil de chapeau<br \/>\n4 coins plats en acier<br \/>\n4 pieds en caoutchouc 38 x 10 mm<br \/>\nDimensions int\u00e9rieures LxPxH env.: 590 x 300 x 90 mm<\/p>\n<p>Fabriqu\u00e9 en Allemagne<br \/>\nDimensions ext\u00e9rieures du bo\u00eetier LxPxH env.: 680 x 485 x 385 mm<br \/>\nPoids avec planche environ: 17,3 kg<\/p>\n<p>Si vous commandez, veuillez sp\u00e9cifier la couleur d\u00e9sir\u00e9e dans le champ de commentaire<\/p>\n","protected":false},"excerpt":{"rendered":"<p>Bo\u00eetier d&rsquo;ampli double porte 4,5 U comprenant une carte d&rsquo;effets amovible | Fabriqu\u00e9 en Allemagne<\/p>\n","protected":false},"featured_media":214544,"template":"","meta":{"_acf_changed":false},"product_brand":[],"product_cat":[15829],"product_tag":[],"class_list":{"0":"post-214603","1":"product","2":"type-product","3":"status-publish","4":"has-post-thumbnail","6":"product_cat-pedalcase-guitar-bass-cases-utilisation","8":"first","9":"instock","10":"taxable","11":"shipping-taxable","12":"purchasable","13":"product-type-simple"},"acf":[],"_links":{"self":[{"href":"https:\/\/megacase.com\/fr\/wp-json\/wp\/v2\/product\/214603","targetHints":{"allow":["GET"]}}],"collection":[{"href":"https:\/\/megacase.com\/fr\/wp-json\/wp\/v2\/product"}],"about":[{"href":"https:\/\/megacase.com\/fr\/wp-json\/wp\/v2\/types\/product"}],"wp:featuredmedia":[{"embeddable":true,"href":"https:\/\/megacase.com\/fr\/wp-json\/wp\/v2\/media\/214544"}],"wp:attachment":[{"href":"https:\/\/megacase.com\/fr\/wp-json\/wp\/v2\/media?parent=214603"}],"wp:term":[{"taxonomy":"product_brand","embeddable":true,"href":"https:\/\/megacase.com\/fr\/wp-json\/wp\/v2\/product_brand?post=214603"},{"taxonomy":"product_cat","embeddable":true,"href":"https:\/\/megacase.com\/fr\/wp-json\/wp\/v2\/product_cat?post=214603"},{"taxonomy":"product_tag","embeddable":true,"href":"https:\/\/megacase.com\/fr\/wp-json\/wp\/v2\/product_tag?post=214603"}],"curies":[{"name":"wp","href":"https:\/\/api.w.org\/{rel}","templated":true}]}}