{"id":214489,"date":"2021-04-27T16:33:29","date_gmt":"2021-04-27T14:33:29","guid":{"rendered":"https:\/\/megacase.com\/product\/case-yamaha-reface-serie\/"},"modified":"2026-03-26T13:09:28","modified_gmt":"2026-03-26T12:09:28","slug":"case-yamaha-reface-serie","status":"publish","type":"product","link":"https:\/\/megacase.com\/fr\/produit\/case-yamaha-reface-serie\/","title":{"rendered":"Case Yamaha Reface Serie"},"content":{"rendered":"<p>Bo\u00eetier appropri\u00e9 pour la s\u00e9rie Yamaha Reface (CS, DX, CP, YC)<br \/>\nen contreplaqu\u00e9 de bouleau de 6,8 mm rev\u00eatu de r\u00e9sine ph\u00e9nolique<br \/>\nCouleur marron<br \/>\nBord en aluminium 22&#215;22 mm<br \/>\n1 poign\u00e9e de valise<br \/>\n2 mousquetons avec \u0153illet<br \/>\n2 charni\u00e8res verrouillables<br \/>\n8 petits coins \u00e0 billes en acier<br \/>\nRembourrage en mousse dans le fond et le couvercle<br \/>\nDimensions ext\u00e9rieures LxPxH: environ 590x240x125 mm (avec poign\u00e9e de valise),<br \/>\nPoids environ 3,7 kg<br \/>\nFabriqu\u00e9 en Allemagne<\/p>\n","protected":false},"excerpt":{"rendered":"<p>Bo\u00eetier appropri\u00e9 pour la s\u00e9rie Yamaha Reface | Rembourrage en mousse dans le fond et le couvercle | Fabriqu\u00e9 en Allemagne<\/p>\n","protected":false},"featured_media":214486,"template":"","meta":{"_acf_changed":false},"product_brand":[],"product_cat":[15558],"product_tag":[],"class_list":{"0":"post-214489","1":"product","2":"type-product","3":"status-publish","4":"has-post-thumbnail","6":"product_cat-synthesizer-utilisation","8":"first","9":"instock","10":"taxable","11":"shipping-taxable","12":"purchasable","13":"product-type-simple"},"acf":[],"_links":{"self":[{"href":"https:\/\/megacase.com\/fr\/wp-json\/wp\/v2\/product\/214489","targetHints":{"allow":["GET"]}}],"collection":[{"href":"https:\/\/megacase.com\/fr\/wp-json\/wp\/v2\/product"}],"about":[{"href":"https:\/\/megacase.com\/fr\/wp-json\/wp\/v2\/types\/product"}],"wp:featuredmedia":[{"embeddable":true,"href":"https:\/\/megacase.com\/fr\/wp-json\/wp\/v2\/media\/214486"}],"wp:attachment":[{"href":"https:\/\/megacase.com\/fr\/wp-json\/wp\/v2\/media?parent=214489"}],"wp:term":[{"taxonomy":"product_brand","embeddable":true,"href":"https:\/\/megacase.com\/fr\/wp-json\/wp\/v2\/product_brand?post=214489"},{"taxonomy":"product_cat","embeddable":true,"href":"https:\/\/megacase.com\/fr\/wp-json\/wp\/v2\/product_cat?post=214489"},{"taxonomy":"product_tag","embeddable":true,"href":"https:\/\/megacase.com\/fr\/wp-json\/wp\/v2\/product_tag?post=214489"}],"curies":[{"name":"wp","href":"https:\/\/api.w.org\/{rel}","templated":true}]}}