{"id":214442,"date":"2021-04-27T09:13:55","date_gmt":"2021-04-27T07:13:55","guid":{"rendered":"https:\/\/megacase.com\/product\/flip-down-case-allen-heath-avantis\/"},"modified":"2026-03-26T13:09:28","modified_gmt":"2026-03-26T12:09:28","slug":"flip-down-case-allen-heath-avantis","status":"publish","type":"product","link":"https:\/\/megacase.com\/fr\/produit\/flip-down-case-allen-heath-avantis\/","title":{"rendered":"Flip-Down Case Allen &#038; Heath Avantis"},"content":{"rendered":"<p>\u00c9tui \u00e0 rabat lourd pour un m\u00e9langeur A&amp;H Avantis<br \/>\nRev\u00eatu de contreplaqu\u00e9 de bouleau de 9 mm<br \/>\nCouleur: <a href=\"https:\/\/megacase.com\/fr\/farben-beschichtungen\/\">librement s\u00e9lectionnable<\/a><br \/>\nBord en aluminium 35&#215;35 mm<br \/>\n4 serrures papillon<br \/>\n8 poign\u00e9es pliantes lourdes<br \/>\n2 poign\u00e9es de montage sur chant<br \/>\n8 grands coins sph\u00e9riques \u00e9tag\u00e9s<br \/>\n2 compartiments accessoires dans les portes<br \/>\nDockhouse \u00e0 l&rsquo;arri\u00e8re<br \/>\n2 ressorts \u00e0 gaz<br \/>\n4 roulettes pivotantes 100 mm dont 2 frein\u00e9es<br \/>\nRembourrage en mousse + rev\u00eatement en feutre<br \/>\nDimensions ext\u00e9rieures LxPxH env.: 1136 x 550 x 1140 mm<br \/>\nPoids: 82,5 kg<br \/>\nFabriqu\u00e9 en Allemagne<\/p>\n<p>Si vous commandez, veuillez sp\u00e9cifier la couleur d\u00e9sir\u00e9e dans le champ de commentaire<\/p>\n","protected":false},"excerpt":{"rendered":"<p>\u00c9tui \u00e0 rabat lourd pour un m\u00e9langeur A&amp;H Avantis | Rembourrage en mousse + rev\u00eatement en feutre | Fabriqu\u00e9 en Allemagne<\/p>\n","protected":false},"featured_media":214323,"template":"","meta":{"_acf_changed":false},"product_brand":[],"product_cat":[13828],"product_tag":[],"class_list":{"0":"post-214442","1":"product","2":"type-product","3":"status-publish","4":"has-post-thumbnail","6":"product_cat-mischpult-cases-fr","8":"first","9":"instock","10":"taxable","11":"shipping-taxable","12":"purchasable","13":"product-type-simple"},"acf":[],"_links":{"self":[{"href":"https:\/\/megacase.com\/fr\/wp-json\/wp\/v2\/product\/214442","targetHints":{"allow":["GET"]}}],"collection":[{"href":"https:\/\/megacase.com\/fr\/wp-json\/wp\/v2\/product"}],"about":[{"href":"https:\/\/megacase.com\/fr\/wp-json\/wp\/v2\/types\/product"}],"wp:featuredmedia":[{"embeddable":true,"href":"https:\/\/megacase.com\/fr\/wp-json\/wp\/v2\/media\/214323"}],"wp:attachment":[{"href":"https:\/\/megacase.com\/fr\/wp-json\/wp\/v2\/media?parent=214442"}],"wp:term":[{"taxonomy":"product_brand","embeddable":true,"href":"https:\/\/megacase.com\/fr\/wp-json\/wp\/v2\/product_brand?post=214442"},{"taxonomy":"product_cat","embeddable":true,"href":"https:\/\/megacase.com\/fr\/wp-json\/wp\/v2\/product_cat?post=214442"},{"taxonomy":"product_tag","embeddable":true,"href":"https:\/\/megacase.com\/fr\/wp-json\/wp\/v2\/product_tag?post=214442"}],"curies":[{"name":"wp","href":"https:\/\/api.w.org\/{rel}","templated":true}]}}