{"id":214159,"date":"2021-04-26T12:55:19","date_gmt":"2021-04-26T10:55:19","guid":{"rendered":"https:\/\/megacase.com\/product\/flightcase-udo-audio-super-6\/"},"modified":"2026-03-26T13:09:29","modified_gmt":"2026-03-26T12:09:29","slug":"flightcase-udo-audio-super-6","status":"publish","type":"product","link":"https:\/\/megacase.com\/fr\/produit\/flightcase-udo-audio-super-6\/","title":{"rendered":"Flightcase UDO Audio Super 6"},"content":{"rendered":"<p>Cas de transport correspondant \u00e0 un synth\u00e9tiseur UDO audio Super 6<br \/>\nfait de suture l\u00e9g\u00e8re de haute qualit\u00e9 de 6,8 mm<br \/>\nLa couleur noire<br \/>\n25 x 25 mm d&rsquo;aluminium<br \/>\n2 placards<br \/>\n1 poign\u00e9e en cuir<br \/>\n2 charni\u00e8res de verrouillage<br \/>\n8 coins de la balle moyenne<br \/>\nRembourrage en mousse<br \/>\nFabriqu\u00e9 en Allemagne<br \/>\nDimensions ext\u00e9rieures BXDXH environ.: 910 x 470 x 160 mm<br \/>\nPoids env.: 7 kg<\/p>\n","protected":false},"excerpt":{"rendered":"<p>Cas de transport correspondant \u00e0 un synth\u00e9tiseur UDO audio Super 6 | Fabriqu\u00e9 en Allemagne<\/p>\n","protected":false},"featured_media":214156,"template":"","meta":{"_acf_changed":false},"product_brand":[],"product_cat":[15558],"product_tag":[],"class_list":{"0":"post-214159","1":"product","2":"type-product","3":"status-publish","4":"has-post-thumbnail","6":"product_cat-synthesizer-utilisation","8":"first","9":"instock","10":"taxable","11":"shipping-taxable","12":"purchasable","13":"product-type-simple"},"acf":[],"_links":{"self":[{"href":"https:\/\/megacase.com\/fr\/wp-json\/wp\/v2\/product\/214159","targetHints":{"allow":["GET"]}}],"collection":[{"href":"https:\/\/megacase.com\/fr\/wp-json\/wp\/v2\/product"}],"about":[{"href":"https:\/\/megacase.com\/fr\/wp-json\/wp\/v2\/types\/product"}],"wp:featuredmedia":[{"embeddable":true,"href":"https:\/\/megacase.com\/fr\/wp-json\/wp\/v2\/media\/214156"}],"wp:attachment":[{"href":"https:\/\/megacase.com\/fr\/wp-json\/wp\/v2\/media?parent=214159"}],"wp:term":[{"taxonomy":"product_brand","embeddable":true,"href":"https:\/\/megacase.com\/fr\/wp-json\/wp\/v2\/product_brand?post=214159"},{"taxonomy":"product_cat","embeddable":true,"href":"https:\/\/megacase.com\/fr\/wp-json\/wp\/v2\/product_cat?post=214159"},{"taxonomy":"product_tag","embeddable":true,"href":"https:\/\/megacase.com\/fr\/wp-json\/wp\/v2\/product_tag?post=214159"}],"curies":[{"name":"wp","href":"https:\/\/api.w.org\/{rel}","templated":true}]}}