{"id":214083,"date":"2021-04-26T12:46:14","date_gmt":"2021-04-26T10:46:14","guid":{"rendered":"https:\/\/megacase.com\/product\/case-blackmagic-atem-mini-extreme-iso\/"},"modified":"2026-03-26T13:09:29","modified_gmt":"2026-03-26T12:09:29","slug":"case-blackmagic-atem-mini-extreme-iso","status":"publish","type":"product","link":"https:\/\/megacase.com\/fr\/produit\/case-blackmagic-atem-mini-extreme-iso\/","title":{"rendered":"Case Blackmagic Atem Mini Extreme \/ Iso"},"content":{"rendered":"<p>En contreplaqu\u00e9 de bouleau \u00e9pais de 6,8 mm avec rev\u00eatement<br \/>\nProfil\u00e9s en aluminium de 22 x 22 mm<br \/>\n2 petites fermetures papillon<br \/>\n1 poign\u00e9e de valise<br \/>\n8 petits coins sph\u00e9riques<br \/>\n4 pieds en caoutchouc de 25 x 15 mm<br \/>\nRembourrage en mousse<br \/>\nEspace de 90 mm derri\u00e8re l&rsquo;appareil<br \/>\nToutes les connexions sont librement accessibles<br \/>\nL&rsquo;appareil peut \u00eatre utilis\u00e9 dans la partie inf\u00e9rieure<br \/>\nDimensions ext\u00e9rieures (LxPxH) environ : 430 x 278 x 136 mm<br \/>\nPoids : 3,3 kg (environ)<br \/>\nCouleur : noir<br \/>\nFabriqu\u00e9 en Allemagne<\/p>\n","protected":false},"excerpt":{"rendered":"<p>En contreplaqu\u00e9 de bouleau \u00e9pais de 6,8 mm avec rev\u00eatement | Fabriqu\u00e9 en Allemagne<\/p>\n","protected":false},"featured_media":214072,"template":"","meta":{"_acf_changed":false},"product_brand":[],"product_cat":[16064],"product_tag":[],"class_list":{"0":"post-214083","1":"product","2":"type-product","3":"status-publish","4":"has-post-thumbnail","6":"product_cat-cases-for-video-equipment-fr","8":"first","9":"instock","10":"taxable","11":"shipping-taxable","12":"purchasable","13":"product-type-simple"},"acf":[],"_links":{"self":[{"href":"https:\/\/megacase.com\/fr\/wp-json\/wp\/v2\/product\/214083","targetHints":{"allow":["GET"]}}],"collection":[{"href":"https:\/\/megacase.com\/fr\/wp-json\/wp\/v2\/product"}],"about":[{"href":"https:\/\/megacase.com\/fr\/wp-json\/wp\/v2\/types\/product"}],"wp:featuredmedia":[{"embeddable":true,"href":"https:\/\/megacase.com\/fr\/wp-json\/wp\/v2\/media\/214072"}],"wp:attachment":[{"href":"https:\/\/megacase.com\/fr\/wp-json\/wp\/v2\/media?parent=214083"}],"wp:term":[{"taxonomy":"product_brand","embeddable":true,"href":"https:\/\/megacase.com\/fr\/wp-json\/wp\/v2\/product_brand?post=214083"},{"taxonomy":"product_cat","embeddable":true,"href":"https:\/\/megacase.com\/fr\/wp-json\/wp\/v2\/product_cat?post=214083"},{"taxonomy":"product_tag","embeddable":true,"href":"https:\/\/megacase.com\/fr\/wp-json\/wp\/v2\/product_tag?post=214083"}],"curies":[{"name":"wp","href":"https:\/\/api.w.org\/{rel}","templated":true}]}}