{"id":214002,"date":"2021-04-26T12:30:12","date_gmt":"2021-04-26T10:30:12","guid":{"rendered":"https:\/\/megacase.com\/product\/case-alesis-samplepad-pro\/"},"modified":"2026-03-26T13:09:29","modified_gmt":"2026-03-26T12:09:29","slug":"case-alesis-samplepad-pro","status":"publish","type":"product","link":"https:\/\/megacase.com\/fr\/produit\/case-alesis-samplepad-pro\/","title":{"rendered":"Case Alesis Samplepad Pro"},"content":{"rendered":"<p>Cas de bagages assorti pour un atout SamplePad Pro<br \/>\n6,8 mm de r\u00e9sine ph\u00e9nolique multiplex de bouleau enrob\u00e9e<br \/>\nCouleur marron<br \/>\n25&#215;25 mm Alukante<br \/>\n2 serrures \u00e0 l&rsquo;oeillet avec oeillet<br \/>\n1 poign\u00e9e en faux cuir<br \/>\n2 charni\u00e8re de verrouillage<br \/>\n4 coins de la boule d&rsquo;acier<br \/>\n4 coins \u00e0 la boule d&rsquo;acier avec coin l<br \/>\nPlace pour l&rsquo;alimentation \u00e9lectrique et multi-pince (environ 8 cm de pince)<br \/>\nRembourrage en mousse<br \/>\nFabriqu\u00e9 en Allemagne<br \/>\nDimensions externes BXDXH environ.: 476 x 390 x 246 mm<br \/>\nPoids env.: 5,5 kg<\/p>\n","protected":false},"excerpt":{"rendered":"<p>Cas de bagages assorti pour un atout SamplePad Pro | Place pour l&rsquo;alimentation \u00e9lectrique et multi-pince | Fabriqu\u00e9 en Allemagne<\/p>\n","protected":false},"featured_media":213979,"template":"","meta":{"_acf_changed":false},"product_brand":[],"product_cat":[15525],"product_tag":[],"class_list":{"0":"post-214002","1":"product","2":"type-product","3":"status-publish","4":"has-post-thumbnail","6":"product_cat-drum-equipment-utilisation","8":"first","9":"instock","10":"taxable","11":"shipping-taxable","12":"purchasable","13":"product-type-simple"},"acf":[],"_links":{"self":[{"href":"https:\/\/megacase.com\/fr\/wp-json\/wp\/v2\/product\/214002","targetHints":{"allow":["GET"]}}],"collection":[{"href":"https:\/\/megacase.com\/fr\/wp-json\/wp\/v2\/product"}],"about":[{"href":"https:\/\/megacase.com\/fr\/wp-json\/wp\/v2\/types\/product"}],"wp:featuredmedia":[{"embeddable":true,"href":"https:\/\/megacase.com\/fr\/wp-json\/wp\/v2\/media\/213979"}],"wp:attachment":[{"href":"https:\/\/megacase.com\/fr\/wp-json\/wp\/v2\/media?parent=214002"}],"wp:term":[{"taxonomy":"product_brand","embeddable":true,"href":"https:\/\/megacase.com\/fr\/wp-json\/wp\/v2\/product_brand?post=214002"},{"taxonomy":"product_cat","embeddable":true,"href":"https:\/\/megacase.com\/fr\/wp-json\/wp\/v2\/product_cat?post=214002"},{"taxonomy":"product_tag","embeddable":true,"href":"https:\/\/megacase.com\/fr\/wp-json\/wp\/v2\/product_tag?post=214002"}],"curies":[{"name":"wp","href":"https:\/\/api.w.org\/{rel}","templated":true}]}}