{"id":213861,"date":"2015-02-02T00:00:00","date_gmt":"2015-02-01T23:00:00","guid":{"rendered":"https:\/\/megacase.com\/product\/single-door-schubladen-case-mit-aussenmassen-maximal-1400x800x1200mm-bxtxh\/"},"modified":"2026-03-26T12:21:44","modified_gmt":"2026-03-26T11:21:44","slug":"single-door-schubladen-case-mit-aussenmassen-maximal-1400x800x1200mm-bxtxh","status":"publish","type":"product","link":"https:\/\/megacase.com\/fr\/produit\/single-door-schubladen-case-mit-aussenmassen-maximal-1400x800x1200mm-bxtxh\/","title":{"rendered":"Single Door Case 1400x800x1200mm BxTxH"},"content":{"rendered":"<p>\u00c9tui \u00e0 porte unique avec compartiments et tiroirs.<br \/>\nLe couvercle avant est amovible et peut \u00eatre utilis\u00e9 comme une table en pliant les pieds.<br \/>\nDans le cas, 5 tiroirs et divers compartiments de stockage<br \/>\nMultiplex de bouleau de 9 mm<br \/>\nLa couleur noire<br \/>\n5 fermeture de papillon gros<br \/>\n6 milieu de grip pliable<br \/>\n2 poign\u00e9e pliante \u00e9troite<br \/>\n4 jambe de table dans le couvercle<br \/>\n5 tiroirs avec arr\u00eat doux et s\u00e9parations<br \/>\n8 roues volantes roues bleues (4 frein\u00e9es)<br \/>\nCoins de la boule d&rsquo;acier<br \/>\nFabriqu\u00e9 en Allemagne<br \/>\nDimensions ext\u00e9rieures: bxtxh 1375x785x1200 mm<br \/>\nPoids: 135 kg<\/p>\n","protected":false},"excerpt":{"rendered":"<p>\u00c9tui \u00e0 porte unique avec compartiments et tiroirs | Fabriqu\u00e9 en Allemagne<\/p>\n","protected":false},"featured_media":37178,"template":"","meta":{"_acf_changed":false},"product_brand":[],"product_cat":[13755],"product_tag":[],"class_list":{"0":"post-213861","1":"product","2":"type-product","3":"status-publish","4":"has-post-thumbnail","6":"product_cat-universal-flightcases-fr","8":"first","9":"instock","10":"taxable","11":"shipping-taxable","12":"purchasable","13":"product-type-simple"},"acf":[],"_links":{"self":[{"href":"https:\/\/megacase.com\/fr\/wp-json\/wp\/v2\/product\/213861","targetHints":{"allow":["GET"]}}],"collection":[{"href":"https:\/\/megacase.com\/fr\/wp-json\/wp\/v2\/product"}],"about":[{"href":"https:\/\/megacase.com\/fr\/wp-json\/wp\/v2\/types\/product"}],"wp:featuredmedia":[{"embeddable":true,"href":"https:\/\/megacase.com\/fr\/wp-json\/wp\/v2\/media\/37178"}],"wp:attachment":[{"href":"https:\/\/megacase.com\/fr\/wp-json\/wp\/v2\/media?parent=213861"}],"wp:term":[{"taxonomy":"product_brand","embeddable":true,"href":"https:\/\/megacase.com\/fr\/wp-json\/wp\/v2\/product_brand?post=213861"},{"taxonomy":"product_cat","embeddable":true,"href":"https:\/\/megacase.com\/fr\/wp-json\/wp\/v2\/product_cat?post=213861"},{"taxonomy":"product_tag","embeddable":true,"href":"https:\/\/megacase.com\/fr\/wp-json\/wp\/v2\/product_tag?post=213861"}],"curies":[{"name":"wp","href":"https:\/\/api.w.org\/{rel}","templated":true}]}}