{"id":213811,"date":"2021-04-26T11:05:53","date_gmt":"2021-04-26T09:05:53","guid":{"rendered":"https:\/\/megacase.com\/product\/case-sandberg-california-vs-lionel-pw-bkb\/"},"modified":"2026-03-26T13:09:30","modified_gmt":"2026-03-26T12:09:30","slug":"case-sandberg-california-vs-lionel-pw-bkb","status":"publish","type":"product","link":"https:\/\/megacase.com\/fr\/produit\/case-sandberg-california-vs-lionel-pw-bkb\/","title":{"rendered":"Case Sandberg California VS Lionel PW BKB"},"content":{"rendered":"<p>\u00c9tui appropri\u00e9 pour Sandberg California VS Lionel PW BKB Bass<br \/>\n6,8 mm de r\u00e9sine ph\u00e9nolique multiplex de bouleau enrob\u00e9e<br \/>\nCouleur: marron<br \/>\nBord en aluminium 22 x 22 mm<br \/>\n2 cadenas papillon, petit<br \/>\n1 serrure de valise<br \/>\n8 petits coins sph\u00e9riques<br \/>\n1 poign\u00e9e en cuir<br \/>\n2 charni\u00e8res verrouillables<br \/>\nincrustation de mousse assortie<br \/>\nCompartiments accessoires<br \/>\nFabriqu\u00e9 en Allemagne<br \/>\nDimensions ext\u00e9rieures LxPxH env.: 1185 x 447 x 150 mm<br \/>\nPoids env.: 9,6 kg<\/p>\n","protected":false},"excerpt":{"rendered":"<p>\u00c9tui appropri\u00e9 pour Sandberg California VS Lionel PW BKB Bass | Fabriqu\u00e9 en Allemagne<\/p>\n","protected":false},"featured_media":213772,"template":"","meta":{"_acf_changed":false},"product_brand":[],"product_cat":[15301],"product_tag":[],"class_list":{"0":"post-213811","1":"product","2":"type-product","3":"status-publish","4":"has-post-thumbnail","6":"product_cat-guitar-bass-cases-utilisation","8":"first","9":"instock","10":"taxable","11":"shipping-taxable","12":"purchasable","13":"product-type-simple"},"acf":[],"_links":{"self":[{"href":"https:\/\/megacase.com\/fr\/wp-json\/wp\/v2\/product\/213811","targetHints":{"allow":["GET"]}}],"collection":[{"href":"https:\/\/megacase.com\/fr\/wp-json\/wp\/v2\/product"}],"about":[{"href":"https:\/\/megacase.com\/fr\/wp-json\/wp\/v2\/types\/product"}],"wp:featuredmedia":[{"embeddable":true,"href":"https:\/\/megacase.com\/fr\/wp-json\/wp\/v2\/media\/213772"}],"wp:attachment":[{"href":"https:\/\/megacase.com\/fr\/wp-json\/wp\/v2\/media?parent=213811"}],"wp:term":[{"taxonomy":"product_brand","embeddable":true,"href":"https:\/\/megacase.com\/fr\/wp-json\/wp\/v2\/product_brand?post=213811"},{"taxonomy":"product_cat","embeddable":true,"href":"https:\/\/megacase.com\/fr\/wp-json\/wp\/v2\/product_cat?post=213811"},{"taxonomy":"product_tag","embeddable":true,"href":"https:\/\/megacase.com\/fr\/wp-json\/wp\/v2\/product_tag?post=213811"}],"curies":[{"name":"wp","href":"https:\/\/api.w.org\/{rel}","templated":true}]}}