{"id":213763,"date":"2021-04-26T10:48:59","date_gmt":"2021-04-26T08:48:59","guid":{"rendered":"https:\/\/megacase.com\/product\/guitar-case-gold-tone-micro-bass\/"},"modified":"2026-03-26T13:09:30","modified_gmt":"2026-03-26T12:09:30","slug":"guitar-case-gold-tone-micro-bass","status":"publish","type":"product","link":"https:\/\/megacase.com\/fr\/produit\/guitar-case-gold-tone-micro-bass\/","title":{"rendered":"Flightcase Gold Tone Micro Bass"},"content":{"rendered":"<p>\u00c9tui appropri\u00e9 pour Gold Tone Micro Bass 23 Fertless, 25 et 25 Fertless (pas de guitare pour gaucher)<br \/>\nBord en aluminium 22 x 22 mm<br \/>\n2 cadenas papillon, petit<br \/>\n1 serrure de valise<br \/>\n8 petits coins sph\u00e9riques<br \/>\n1 poign\u00e9e en cuir<br \/>\n2 charni\u00e8res verrouillables<br \/>\nincrustation de mousse assortie<br \/>\nCompartiments accessoires<br \/>\nFabriqu\u00e9 en Allemagne<br \/>\nDimensions ext\u00e9rieures LxPxH env.: 1060 x 470 x 195 mm<br \/>\nPoids env.: 9,5 kg<\/p>\n","protected":false},"excerpt":{"rendered":"<p>\u00c9tui appropri\u00e9 pour Gold Tone Micro Bass 23 Fertless, 25 et 25 Fertless | Fabriqu\u00e9 en Allemagne<\/p>\n","protected":false},"featured_media":213728,"template":"","meta":{"_acf_changed":false},"product_brand":[],"product_cat":[15301],"product_tag":[],"class_list":{"0":"post-213763","1":"product","2":"type-product","3":"status-publish","4":"has-post-thumbnail","6":"product_cat-guitar-bass-cases-utilisation","8":"first","9":"instock","10":"taxable","11":"shipping-taxable","12":"purchasable","13":"product-type-simple"},"acf":[],"_links":{"self":[{"href":"https:\/\/megacase.com\/fr\/wp-json\/wp\/v2\/product\/213763","targetHints":{"allow":["GET"]}}],"collection":[{"href":"https:\/\/megacase.com\/fr\/wp-json\/wp\/v2\/product"}],"about":[{"href":"https:\/\/megacase.com\/fr\/wp-json\/wp\/v2\/types\/product"}],"wp:featuredmedia":[{"embeddable":true,"href":"https:\/\/megacase.com\/fr\/wp-json\/wp\/v2\/media\/213728"}],"wp:attachment":[{"href":"https:\/\/megacase.com\/fr\/wp-json\/wp\/v2\/media?parent=213763"}],"wp:term":[{"taxonomy":"product_brand","embeddable":true,"href":"https:\/\/megacase.com\/fr\/wp-json\/wp\/v2\/product_brand?post=213763"},{"taxonomy":"product_cat","embeddable":true,"href":"https:\/\/megacase.com\/fr\/wp-json\/wp\/v2\/product_cat?post=213763"},{"taxonomy":"product_tag","embeddable":true,"href":"https:\/\/megacase.com\/fr\/wp-json\/wp\/v2\/product_tag?post=213763"}],"curies":[{"name":"wp","href":"https:\/\/api.w.org\/{rel}","templated":true}]}}