{"id":213713,"date":"2021-04-26T10:39:39","date_gmt":"2021-04-26T08:39:39","guid":{"rendered":"https:\/\/megacase.com\/product\/case-cisco-webex-desk-pro\/"},"modified":"2026-03-26T13:09:30","modified_gmt":"2026-03-26T12:09:30","slug":"case-cisco-webex-desk-pro","status":"publish","type":"product","link":"https:\/\/megacase.com\/fr\/produit\/case-cisco-webex-desk-pro\/","title":{"rendered":"Case Cisco Webex Desk Pro"},"content":{"rendered":"<p>Coque thoracique sur la queue pour un Cisco WebEx Desk Pro<br \/>\ny compris un compartiment lat\u00e9ral pour accessoires<br \/>\nrev\u00eatu de 6,5 mm de bouleau multiplex<br \/>\nCouleur: <a href=\"https:\/\/megacase.com\/fr\/farben-beschichtungen\/\">librement s\u00e9lectionnable<\/a><br \/>\n25&#215;25 mm Alukante<br \/>\nRembourrage en mousse faite sur mesure<br \/>\nMousse nub dans le couvercle<br \/>\n2 verrouillons de papillon \u00e0 ressort<br \/>\n3 Moyenne de poign\u00e9e pliante<br \/>\n2 charni\u00e8res de verrouillage<br \/>\n8 coins de la boule d&rsquo;acier moyen<br \/>\nFabriqu\u00e9 en Allemagne<br \/>\nDimensions ext\u00e9rieures approximatives: bxtxh 875 x 240 x 605 mm<br \/>\nPoids: 13,3 kg<\/p>\n<p>Si vous commandez, veuillez sp\u00e9cifier la couleur d\u00e9sir\u00e9e dans le champ de commentaire<\/p>\n","protected":false},"excerpt":{"rendered":"<p>Coque thoracique sur la queue pour un Cisco WebEx Desk Pro y compris un compartiment lat\u00e9ral pour accessoires | Fabriqu\u00e9 en Allemagne<\/p>\n","protected":false},"featured_media":213702,"template":"","meta":{"_acf_changed":false},"product_brand":[],"product_cat":[13808],"product_tag":[],"class_list":{"0":"post-213713","1":"product","2":"type-product","3":"status-publish","4":"has-post-thumbnail","6":"product_cat-it-cases-fr","8":"first","9":"instock","10":"taxable","11":"shipping-taxable","12":"purchasable","13":"product-type-simple"},"acf":[],"_links":{"self":[{"href":"https:\/\/megacase.com\/fr\/wp-json\/wp\/v2\/product\/213713","targetHints":{"allow":["GET"]}}],"collection":[{"href":"https:\/\/megacase.com\/fr\/wp-json\/wp\/v2\/product"}],"about":[{"href":"https:\/\/megacase.com\/fr\/wp-json\/wp\/v2\/types\/product"}],"wp:featuredmedia":[{"embeddable":true,"href":"https:\/\/megacase.com\/fr\/wp-json\/wp\/v2\/media\/213702"}],"wp:attachment":[{"href":"https:\/\/megacase.com\/fr\/wp-json\/wp\/v2\/media?parent=213713"}],"wp:term":[{"taxonomy":"product_brand","embeddable":true,"href":"https:\/\/megacase.com\/fr\/wp-json\/wp\/v2\/product_brand?post=213713"},{"taxonomy":"product_cat","embeddable":true,"href":"https:\/\/megacase.com\/fr\/wp-json\/wp\/v2\/product_cat?post=213713"},{"taxonomy":"product_tag","embeddable":true,"href":"https:\/\/megacase.com\/fr\/wp-json\/wp\/v2\/product_tag?post=213713"}],"curies":[{"name":"wp","href":"https:\/\/api.w.org\/{rel}","templated":true}]}}