{"id":213669,"date":"2021-04-26T10:22:37","date_gmt":"2021-04-26T08:22:37","guid":{"rendered":"https:\/\/megacase.com\/product\/sideboard-casedesign-1620x380x1200\/"},"modified":"2026-03-26T13:09:30","modified_gmt":"2026-03-26T12:09:30","slug":"sideboard-casedesign-1620x380x1200","status":"publish","type":"product","link":"https:\/\/megacase.com\/fr\/produit\/sideboard-casedesign-1620x380x1200\/","title":{"rendered":"Sideboard \u00ab\u00a0Casedesign\u00a0\u00bb 1620x380x1200"},"content":{"rendered":"<p>Buffet avec les dimensions de 1620 x 380 x 1200 mm BXDXH<br \/>\navec quatre tiroirs au milieu,<br \/>\nDroit et laiss\u00e9 chaque compartiment avec 3 \u00e9tag\u00e8res variables<br \/>\nconsister en:<br \/>\n6,8 mm bouleau multiplex recouvert<br \/>\nCouleur: nior<br \/>\n30 x 30mm Alukante<br \/>\n6 poign\u00e9es de bar<br \/>\n4 poign\u00e9es pliantes moyennes<br \/>\n8 coins de la balle grand<br \/>\n4 roulettes 80mm d&rsquo;eux frein\u00e9s 2<br \/>\nFabriqu\u00e9 en Allemagne<br \/>\nDimensions ext\u00e9rieures BXTXH environ.: 1643 x 405 x 1367 mm<br \/>\nPoids env. 89,9 kg<\/p>\n","protected":false},"excerpt":{"rendered":"<p>Buffet avec les dimensions de 1620 x 380 x 1200 mm BXDXH | Fabriqu\u00e9 en Allemagne<\/p>\n","protected":false},"featured_media":213630,"template":"","meta":{"_acf_changed":false},"product_brand":[],"product_cat":[15131],"product_tag":[],"class_list":{"0":"post-213669","1":"product","2":"type-product","3":"status-publish","4":"has-post-thumbnail","6":"product_cat-furniture-casedesign-fr","8":"first","9":"instock","10":"taxable","11":"shipping-taxable","12":"purchasable","13":"product-type-simple"},"acf":[],"_links":{"self":[{"href":"https:\/\/megacase.com\/fr\/wp-json\/wp\/v2\/product\/213669","targetHints":{"allow":["GET"]}}],"collection":[{"href":"https:\/\/megacase.com\/fr\/wp-json\/wp\/v2\/product"}],"about":[{"href":"https:\/\/megacase.com\/fr\/wp-json\/wp\/v2\/types\/product"}],"wp:featuredmedia":[{"embeddable":true,"href":"https:\/\/megacase.com\/fr\/wp-json\/wp\/v2\/media\/213630"}],"wp:attachment":[{"href":"https:\/\/megacase.com\/fr\/wp-json\/wp\/v2\/media?parent=213669"}],"wp:term":[{"taxonomy":"product_brand","embeddable":true,"href":"https:\/\/megacase.com\/fr\/wp-json\/wp\/v2\/product_brand?post=213669"},{"taxonomy":"product_cat","embeddable":true,"href":"https:\/\/megacase.com\/fr\/wp-json\/wp\/v2\/product_cat?post=213669"},{"taxonomy":"product_tag","embeddable":true,"href":"https:\/\/megacase.com\/fr\/wp-json\/wp\/v2\/product_tag?post=213669"}],"curies":[{"name":"wp","href":"https:\/\/api.w.org\/{rel}","templated":true}]}}