{"id":213410,"date":"2015-04-10T00:00:00","date_gmt":"2015-04-09T22:00:00","guid":{"rendered":"https:\/\/megacase.com\/product\/flightcasehaube-fuer-tricaster-8000-control-surface\/"},"modified":"2026-03-26T12:21:41","modified_gmt":"2026-03-26T11:21:41","slug":"flightcasehaube-fuer-tricaster-8000-control-surface","status":"publish","type":"product","link":"https:\/\/megacase.com\/fr\/produit\/flightcasehaube-fuer-tricaster-8000-control-surface\/","title":{"rendered":"Flightcase TriCaster 8000 Control Surface"},"content":{"rendered":"<p>Bo\u00eetier de hotte assorti pour un m\u00e9langeur de surface de contr\u00f4le TriCaster 8000<br \/>\nen contreplaqu\u00e9 de bouleau de 6,8 mm rev\u00eatu de r\u00e9sine ph\u00e9nolique<br \/>\nCouleur marron<br \/>\n4 Verrou papillon moyen<br \/>\n3 poign\u00e9e pliante, moyenne<br \/>\n8 coins \u00e0 billes en acier, moyen<br \/>\nRembourrage en mousse<br \/>\nL&rsquo;appareil peut \u00eatre utilis\u00e9 dans la partie inf\u00e9rieure<br \/>\n80 mm derri\u00e8re le bureau<br \/>\nFabriqu\u00e9 en Allemagne<br \/>\nDimensions ext\u00e9rieures: LxPxH 970x530x230 mm<br \/>\nPoids: 12,3 kg<\/p>\n","protected":false},"excerpt":{"rendered":"<p>Bo\u00eetier de hotte assorti pour un m\u00e9langeur de surface de contr\u00f4le TriCaster 8000 | 80 mm derri\u00e8re le bureau | Fabriqu\u00e9 en Allemagne<\/p>\n","protected":false},"featured_media":36881,"template":"","meta":{"_acf_changed":false},"product_brand":[],"product_cat":[13828],"product_tag":[],"class_list":{"0":"post-213410","1":"product","2":"type-product","3":"status-publish","4":"has-post-thumbnail","6":"product_cat-mischpult-cases-fr","8":"first","9":"instock","10":"taxable","11":"shipping-taxable","12":"purchasable","13":"product-type-simple"},"acf":[],"_links":{"self":[{"href":"https:\/\/megacase.com\/fr\/wp-json\/wp\/v2\/product\/213410","targetHints":{"allow":["GET"]}}],"collection":[{"href":"https:\/\/megacase.com\/fr\/wp-json\/wp\/v2\/product"}],"about":[{"href":"https:\/\/megacase.com\/fr\/wp-json\/wp\/v2\/types\/product"}],"wp:featuredmedia":[{"embeddable":true,"href":"https:\/\/megacase.com\/fr\/wp-json\/wp\/v2\/media\/36881"}],"wp:attachment":[{"href":"https:\/\/megacase.com\/fr\/wp-json\/wp\/v2\/media?parent=213410"}],"wp:term":[{"taxonomy":"product_brand","embeddable":true,"href":"https:\/\/megacase.com\/fr\/wp-json\/wp\/v2\/product_brand?post=213410"},{"taxonomy":"product_cat","embeddable":true,"href":"https:\/\/megacase.com\/fr\/wp-json\/wp\/v2\/product_cat?post=213410"},{"taxonomy":"product_tag","embeddable":true,"href":"https:\/\/megacase.com\/fr\/wp-json\/wp\/v2\/product_tag?post=213410"}],"curies":[{"name":"wp","href":"https:\/\/api.w.org\/{rel}","templated":true}]}}