{"id":213147,"date":"2016-10-04T00:00:00","date_gmt":"2016-10-03T22:00:00","guid":{"rendered":"https:\/\/megacase.com\/product\/rackschublade-2he-254mm-tief-stahl\/"},"modified":"2026-03-26T12:21:35","modified_gmt":"2026-03-26T11:21:35","slug":"rackschublade-2he-254mm-tief-stahl","status":"publish","type":"product","link":"https:\/\/megacase.com\/fr\/produit\/rackschublade-2he-254mm-tief-stahl\/","title":{"rendered":"19&Prime; Rack Drawer 2U Steel 254mm"},"content":{"rendered":"<p>Tiroir rack 19 \u00ab\u00a02 U en acier<\/p>\n<p>&#8211; Extension compl\u00e8te<br \/>\n&#8211; Tiroir sur glissi\u00e8re \u00e0 roulement \u00e0 billes<br \/>\n&#8211; Comprend serrure et 2 cl\u00e9s<br \/>\n&#8211; Amovible par s\u00e9paration rapide des rails coulissants<br \/>\n&#8211; Sans aucun effort<\/p>\n<p>Type de produit: tiroirs rack 19 \u00a0\u00bb<br \/>\nMat\u00e9riel: acier<br \/>\nSurface: rev\u00eatement par poudre<br \/>\nLa couleur noire<br \/>\nHauteur ext\u00e9rieur: 2 U<br \/>\nLargeur ext\u00e9rieure: 434 mm<br \/>\nProfondeur ext\u00e9rieure: 280 mm<br \/>\nHauteur int\u00e9rieure: 70 mm<br \/>\nLargeur int\u00e9rieure: 401 mm<br \/>\nProfondeur int\u00e9rieure: 254 mm<br \/>\n\u00c9paisseur du mat\u00e9riau: 1,2 mm<br \/>\nCapacit\u00e9 de charge maximale: 22 kg<br \/>\nPoids: 4,55 kg<\/p>\n","protected":false},"excerpt":{"rendered":"<p>Extension compl\u00e8te | Hauteur ext\u00e9rieur: 2 U | Profondeur int\u00e9rieure: 254 mm | Capacit\u00e9 de charge maximale: 22 kg<\/p>\n","protected":false},"featured_media":75496,"template":"","meta":{"_acf_changed":false},"product_brand":[],"product_cat":[13809],"product_tag":[],"class_list":{"0":"post-213147","1":"product","2":"type-product","3":"status-publish","4":"has-post-thumbnail","6":"product_cat-zubehoer-rack-fr","8":"first","9":"outofstock","10":"taxable","11":"shipping-taxable","12":"purchasable","13":"product-type-simple"},"acf":[],"_links":{"self":[{"href":"https:\/\/megacase.com\/fr\/wp-json\/wp\/v2\/product\/213147","targetHints":{"allow":["GET"]}}],"collection":[{"href":"https:\/\/megacase.com\/fr\/wp-json\/wp\/v2\/product"}],"about":[{"href":"https:\/\/megacase.com\/fr\/wp-json\/wp\/v2\/types\/product"}],"wp:featuredmedia":[{"embeddable":true,"href":"https:\/\/megacase.com\/fr\/wp-json\/wp\/v2\/media\/75496"}],"wp:attachment":[{"href":"https:\/\/megacase.com\/fr\/wp-json\/wp\/v2\/media?parent=213147"}],"wp:term":[{"taxonomy":"product_brand","embeddable":true,"href":"https:\/\/megacase.com\/fr\/wp-json\/wp\/v2\/product_brand?post=213147"},{"taxonomy":"product_cat","embeddable":true,"href":"https:\/\/megacase.com\/fr\/wp-json\/wp\/v2\/product_cat?post=213147"},{"taxonomy":"product_tag","embeddable":true,"href":"https:\/\/megacase.com\/fr\/wp-json\/wp\/v2\/product_tag?post=213147"}],"curies":[{"name":"wp","href":"https:\/\/api.w.org\/{rel}","templated":true}]}}