{"id":213123,"date":"2017-05-18T16:15:42","date_gmt":"2017-05-18T14:15:42","guid":{"rendered":"https:\/\/megacase.com\/product\/19-rackwanne-1he-mit-auszugsschienen\/"},"modified":"2021-04-08T16:40:25","modified_gmt":"2021-04-08T14:40:25","slug":"19-rackwanne-1he-mit-auszugsschienen","status":"publish","type":"product","link":"https:\/\/megacase.com\/fr\/produit\/19-rackwanne-1he-mit-auszugsschienen\/","title":{"rendered":"19&Prime; Rack Drawer 1U Pull-Out Rails"},"content":{"rendered":"<p>Plateau rack 19 \u00ab\u00a01 U, coulissant avec rails coulissants lat\u00e9raux,<br \/>\nqui sont fix\u00e9s \u00e0 des angles r\u00e9glables \u00e0 l&rsquo;avant et \u00e0 l&rsquo;arri\u00e8re.<br \/>\nCela signifie que la tablette peut \u00e9galement \u00eatre fix\u00e9e \u00e0 l&rsquo;arri\u00e8re dans des racks de diff\u00e9rentes profondeurs.<\/p>\n<p>Surface de stockage 412 mm de large, 380 mm de profondeur<br \/>\nProfondeur de montage: r\u00e9glable 360-480 mm<\/p>\n<p>Type de produit: plateaux rack 19 \u00a0\u00bb<br \/>\nMat\u00e9riel: acier<br \/>\nSurface: rev\u00eatement par poudre<br \/>\nLa couleur noire<br \/>\nHauteur: 1 U<br \/>\nLargeur: 435 mm<br \/>\nProfondeur: 360-480 mm<br \/>\n\u00c9paisseur du mat\u00e9riau: 1,6 mm<br \/>\nCharge maximale: 25 kg<br \/>\nPoids: 3,68 kg<\/p>\n","protected":false},"excerpt":{"rendered":"<p>Plateau rack 19 \u00ab\u00a01 U, coulissant avec rails coulissants lat\u00e9raux,<br \/>\nqui sont fix\u00e9s \u00e0 des angles r\u00e9glables \u00e0 l&rsquo;avant et \u00e0 l&rsquo;arri\u00e8re.<\/p>\n","protected":false},"featured_media":35816,"template":"","meta":{"_acf_changed":false},"product_brand":[],"product_cat":[13809],"product_tag":[],"class_list":{"0":"post-213123","1":"product","2":"type-product","3":"status-publish","4":"has-post-thumbnail","6":"product_cat-zubehoer-rack-fr","8":"first","9":"instock","10":"taxable","11":"shipping-taxable","12":"purchasable","13":"product-type-simple"},"acf":[],"_links":{"self":[{"href":"https:\/\/megacase.com\/fr\/wp-json\/wp\/v2\/product\/213123","targetHints":{"allow":["GET"]}}],"collection":[{"href":"https:\/\/megacase.com\/fr\/wp-json\/wp\/v2\/product"}],"about":[{"href":"https:\/\/megacase.com\/fr\/wp-json\/wp\/v2\/types\/product"}],"wp:featuredmedia":[{"embeddable":true,"href":"https:\/\/megacase.com\/fr\/wp-json\/wp\/v2\/media\/35816"}],"wp:attachment":[{"href":"https:\/\/megacase.com\/fr\/wp-json\/wp\/v2\/media?parent=213123"}],"wp:term":[{"taxonomy":"product_brand","embeddable":true,"href":"https:\/\/megacase.com\/fr\/wp-json\/wp\/v2\/product_brand?post=213123"},{"taxonomy":"product_cat","embeddable":true,"href":"https:\/\/megacase.com\/fr\/wp-json\/wp\/v2\/product_cat?post=213123"},{"taxonomy":"product_tag","embeddable":true,"href":"https:\/\/megacase.com\/fr\/wp-json\/wp\/v2\/product_tag?post=213123"}],"curies":[{"name":"wp","href":"https:\/\/api.w.org\/{rel}","templated":true}]}}